{"id":7684,"date":"2026-01-02T17:04:05","date_gmt":"2026-01-02T16:04:05","guid":{"rendered":"https:\/\/www.euronat.com\/espace-proprietaire\/"},"modified":"2026-04-23T10:00:09","modified_gmt":"2026-04-23T08:00:09","slug":"eigentumerbereich","status":"publish","type":"page","link":"https:\/\/www.euronat.com\/de\/eigentumerbereich\/","title":{"rendered":"Eigent\u00fcmerbereich"},"content":{"rendered":"","protected":true},"excerpt":{"rendered":"","protected":true},"author":1,"featured_media":2153,"parent":0,"menu_order":0,"comment_status":"closed","ping_status":"closed","template":"","meta":{"_seopress_robots_primary_cat":"","_seopress_titles_title":"Euronat-Eigent\u00fcmerbereich","_seopress_titles_desc":"Liebe Euronat-Eigent\u00fcmer, wir hei\u00dfen Sie herzlich willkommen im Eigent\u00fcmerbereich. Hier finden Sie alle Informationen.","_seopress_robots_index":"yes","_gt_ctv_global_id":"274","_gt_ctv_id_group":false,"inline_featured_image":false,"gt_fse_maillage_image":"https:\/\/www.euronat.com\/wp-content\/uploads\/2026\/01\/camping-naturiste-france.jpg","gt_fse_maillage_titre":"Gesch\u00fctzt: Eigent\u00fcmerbereich","gt_fse_maillage_alt":"Automatischer Entwurf","gt_fse_maillage_resume":"","footnotes":""},"categories":[],"tags":[],"class_list":["post-7684","page","type-page","status-publish","post-password-required","hentry"],"_links":{"self":[{"href":"https:\/\/www.euronat.com\/de\/wp-json\/wp\/v2\/pages\/7684","targetHints":{"allow":["GET"]}}],"collection":[{"href":"https:\/\/www.euronat.com\/de\/wp-json\/wp\/v2\/pages"}],"about":[{"href":"https:\/\/www.euronat.com\/de\/wp-json\/wp\/v2\/types\/page"}],"author":[{"embeddable":true,"href":"https:\/\/www.euronat.com\/de\/wp-json\/wp\/v2\/users\/1"}],"replies":[{"embeddable":true,"href":"https:\/\/www.euronat.com\/de\/wp-json\/wp\/v2\/comments?post=7684"}],"version-history":[{"count":36,"href":"https:\/\/www.euronat.com\/de\/wp-json\/wp\/v2\/pages\/7684\/revisions"}],"predecessor-version":[{"id":20747,"href":"https:\/\/www.euronat.com\/de\/wp-json\/wp\/v2\/pages\/7684\/revisions\/20747"}],"wp:featuredmedia":[{"embeddable":true,"href":"https:\/\/www.euronat.com\/de\/wp-json\/wp\/v2\/media\/2153"}],"wp:attachment":[{"href":"https:\/\/www.euronat.com\/de\/wp-json\/wp\/v2\/media?parent=7684"}],"wp:term":[{"taxonomy":"category","embeddable":true,"href":"https:\/\/www.euronat.com\/de\/wp-json\/wp\/v2\/categories?post=7684"},{"taxonomy":"post_tag","embeddable":true,"href":"https:\/\/www.euronat.com\/de\/wp-json\/wp\/v2\/tags?post=7684"}],"curies":[{"name":"wp","href":"https:\/\/api.w.org\/{rel}","templated":true}]}}