{"id":9351,"date":"2025-12-09T15:29:42","date_gmt":"2025-12-09T14:29:42","guid":{"rendered":"https:\/\/www.euronat.com\/fkk-feriendorf-frankreich\/fkk-straende-gironde\/"},"modified":"2026-03-04T10:28:01","modified_gmt":"2026-03-04T09:28:01","slug":"fkk-straende-gironde","status":"publish","type":"page","link":"https:\/\/www.euronat.com\/de\/fkk-feriendorf-frankreich\/fkk-straende-gironde\/","title":{"rendered":"Die Str\u00e4nde"},"content":{"rendered":"\n<section class=\"wp-block-group section-1 is-layout-flow wp-block-group-is-layout-flow\" style=\"margin-top:0px;margin-bottom:0px;padding-bottom:0\">\n<div class=\"wp-block-group has-global-padding is-layout-constrained wp-container-core-group-is-layout-8e9d2400 wp-block-group-is-layout-constrained\" style=\"margin-top:0px;margin-bottom:0px\">\n<figure class=\"wp-block-image aligncenter size-full is-resized sep-bas\" style=\"margin-bottom:var(--wp--preset--spacing--10)\"><img decoding=\"async\" src=\"https:\/\/www.euronat.com\/wp-content\/uploads\/2025\/12\/trait-1.svg\" alt=\"trait\" class=\"wp-image-337\" style=\"aspect-ratio:0.10949529512403763;object-fit:cover;width:20px;height:auto\"\/><\/figure>\n\n\n\n<h1 class=\"wp-block-heading has-text-align-center has-contrast-2-color has-text-color has-link-color has-molentta-font-family has-x-large-font-size wp-elements-f3a0ca903b7c52d7b63fb4bdb06a9148\" style=\"padding-bottom:var(--wp--preset--spacing--20);letter-spacing:0px;line-height:1;text-transform:none\">FKK-Str\u00e4nde im M\u00e9doc direkt vom Campingplatz erreichbar<\/h1>\n\n\n\n<div class=\"wp-block-columns are-vertically-aligned-center is-layout-flex wp-container-core-columns-is-layout-ed028fa6 wp-block-columns-is-layout-flex\" style=\"padding-top:var(--wp--preset--spacing--20);padding-bottom:var(--wp--preset--spacing--20)\">\n<div class=\"wp-block-column is-vertically-aligned-center animated fadeIn slow is-layout-flow wp-block-column-is-layout-flow\" style=\"flex-basis:40%\">\n<figure class=\"wp-block-image size-full has-custom-border\"><img decoding=\"async\" width=\"893\" height=\"1277\" src=\"https:\/\/www.euronat.com\/wp-content\/uploads\/2026\/01\/Plages-naturistes-medoc-e1767799762444.jpg\" alt=\"FKK-Str&#xE4;nde im Medoc\" class=\"wp-image-2984\" style=\"border-top-left-radius:200px;border-top-right-radius:200px;border-bottom-left-radius:200px;border-bottom-right-radius:200px\" srcset=\"https:\/\/www.euronat.com\/wp-content\/uploads\/2026\/01\/Plages-naturistes-medoc-e1767799762444.jpg 893w, https:\/\/www.euronat.com\/wp-content\/uploads\/2026\/01\/Plages-naturistes-medoc-e1767799762444-210x300.jpg 210w, https:\/\/www.euronat.com\/wp-content\/uploads\/2026\/01\/Plages-naturistes-medoc-e1767799762444-716x1024.jpg 716w, https:\/\/www.euronat.com\/wp-content\/uploads\/2026\/01\/Plages-naturistes-medoc-e1767799762444-768x1098.jpg 768w\" sizes=\"(max-width: 893px) 100vw, 893px\" \/><\/figure>\n<\/div>\n\n\n\n<div class=\"wp-block-column is-vertically-aligned-center is-layout-flow wp-block-column-is-layout-flow\" style=\"flex-basis:60%\">\n<p>In wenigen Minuten von Ihrer Unterkunft aus stehen Sie mit den <strong>F\u00fc\u00dfen im Wasser<\/strong>!<\/p>\n\n\n\n<p>Vom <a href=\"https:\/\/www.euronat.com\/de\/\" data-type=\"page\" data-id=\"5\">FKK-Campingplatz in Gironde<\/a> aus haben Sie direkten Zugang zu einem der sch\u00f6nsten FKK-Str\u00e4nde Frankreichs. Eingebettet inmitten des Pinienwaldes, zwischen D\u00fcnen und Ozean, bietet der FKK-Strand des M\u00e9doc eine <strong>au\u00dfergew\u00f6hnliche<\/strong>, <strong>wilde<\/strong> und <strong>unber\u00fchrte<\/strong> Umgebung. Mit einer L\u00e4nge von 1,5 km erstreckt er sich entlang der Atlantikk\u00fcste und bietet Ihnen <strong>Weite<\/strong>, <strong>Freiheit<\/strong> und <strong>Stille<\/strong>.  <\/p>\n<\/div>\n<\/div>\n<\/div>\n\n\n\n<figure class=\"wp-block-image aligncenter size-full is-resized sep-haut\" style=\"margin-top:var(--wp--preset--spacing--10)\"><img decoding=\"async\" src=\"https:\/\/www.euronat.com\/wp-content\/uploads\/2025\/12\/trait-haut.svg\" alt=\"trait haut\" class=\"wp-image-350\" style=\"aspect-ratio:0.10949529512403763;object-fit:cover;width:20px;height:auto\"\/><\/figure>\n<\/section>\n\n<section class=\"wp-block-group alignfull section-village section-village-bis has-background has-global-padding is-layout-constrained wp-container-core-group-is-layout-c4f6a068 wp-block-group-is-layout-constrained\" style=\"background-color:#af9d8533;margin-top:0px\">\n<figure class=\"wp-block-image aligncenter size-full is-resized sep-bas\" style=\"margin-bottom:var(--wp--preset--spacing--10)\"><img decoding=\"async\" src=\"https:\/\/www.euronat.com\/wp-content\/uploads\/2025\/12\/trait-1.svg\" alt=\"trait\" class=\"wp-image-337\" style=\"aspect-ratio:0.10949529512403763;object-fit:cover;width:20px;height:auto\"\/><\/figure>\n\n\n\n<div class=\"wp-block-columns alignfull are-vertically-aligned-center gt-reverse-mobile is-layout-flex wp-container-core-columns-is-layout-a1f023c2 wp-block-columns-is-layout-flex\" style=\"border-radius:0px;margin-top:0px;margin-right:0px;margin-bottom:0px;margin-left:0px;padding-top:var(--wp--preset--spacing--20);padding-right:40px;padding-bottom:var(--wp--preset--spacing--20);padding-left:40px\">\n<div class=\"wp-block-column is-vertically-aligned-center animated fadeIn slow is-layout-flow wp-block-column-is-layout-flow\">\n<figure class=\"wp-block-image alignright size-full has-custom-border\" style=\"margin-top:0;margin-right:0px;margin-bottom:0;margin-left:0px\"><img decoding=\"async\" width=\"9520\" height=\"6336\" src=\"https:\/\/www.euronat.com\/wp-content\/uploads\/2026\/01\/Plages-camping-Euronat.jpg\" alt=\"FKK-Str&#xE4;nde Campingplatz Euronat\" class=\"wp-image-2997\" style=\"border-top-left-radius:40px;border-top-right-radius:40px;border-bottom-left-radius:40px;border-bottom-right-radius:40px\" srcset=\"https:\/\/www.euronat.com\/wp-content\/uploads\/2026\/01\/Plages-camping-Euronat.jpg 9520w, https:\/\/www.euronat.com\/wp-content\/uploads\/2026\/01\/Plages-camping-Euronat-300x200.jpg 300w, https:\/\/www.euronat.com\/wp-content\/uploads\/2026\/01\/Plages-camping-Euronat-1024x682.jpg 1024w, https:\/\/www.euronat.com\/wp-content\/uploads\/2026\/01\/Plages-camping-Euronat-768x511.jpg 768w\" sizes=\"(max-width: 9520px) 100vw, 9520px\" \/><\/figure>\n<\/div>\n\n\n\n<div class=\"wp-block-column is-vertically-aligned-center is-layout-flow wp-block-column-is-layout-flow\">\n<div class=\"wp-block-group full-width is-vertical is-content-justification-left is-nowrap is-layout-flex wp-container-core-group-is-layout-a2679f3f wp-block-group-is-layout-flex\" style=\"border-radius:0px;margin-top:0px;margin-right:0px;margin-bottom:0px;margin-left:0px;padding-top:0px;padding-right:0px;padding-bottom:0px;padding-left:0px\">\n<h2 class=\"wp-block-heading has-text-align-left has-contrast-2-color has-text-color has-link-color wp-elements-94e0fbd9437ba458e194f0ade505bfb6\" style=\"font-size:clamp(1.743rem, 1.743rem + ((1vw - 0.2rem) * 2.095), 3rem);\">Baden und Sonnenbaden auf dem wei\u00dfen Sand<\/h2>\n\n\n\n<figure class=\"wp-block-image size-full\"><img decoding=\"async\" width=\"100\" height=\"32\" src=\"https:\/\/www.euronat.com\/wp-content\/uploads\/2025\/12\/separation-cercles-bise.png\" alt=\"separation cercles bise\" class=\"wp-image-478\"\/><\/figure>\n\n\n\n<p class=\"has-text-align-left\">Ob Sie es vorziehen, in der Sonne zu faulenzen, unter einem Sonnenschirm zu entspannen, mit Ihren Kindern eine Sandburg zu bauen oder in die Wellen zu springen, ist an den FKK-Str\u00e4nden in Gironde f\u00fcr <strong>jeden etwas dabei<\/strong>.<\/p>\n\n\n\n<p>Zwei Str\u00e4nde sind <strong>7 Tage die Woche bewacht<\/strong>: der Zentralstrand von <strong>Mitte Juni bis Mitte September<\/strong> und der S\u00fcdstrand vom <strong>1. Juli bis 31. August<\/strong>, damit Sie den Ozean unbeschwert genie\u00dfen k\u00f6nnen, ob allein oder in Gesellschaft.<\/p>\n\n\n\n<p>Und f\u00fcr Tierliebhaber: Der Nordstrand, nicht bewacht, hei\u00dft auch Hunde und ihre Besitzer willkommen, in einer nat\u00fcrlichen Kulisse zwischen <strong>Himmel<\/strong>, <strong>Pinien<\/strong> und <strong>Ozean<\/strong>. <\/p>\n<\/div>\n<\/div>\n<\/div>\n\n\n\n<figure class=\"wp-block-image aligncenter size-full is-resized sep-haut\" style=\"margin-top:var(--wp--preset--spacing--10)\"><img decoding=\"async\" src=\"https:\/\/www.euronat.com\/wp-content\/uploads\/2025\/12\/trait-haut.svg\" alt=\"trait haut\" class=\"wp-image-350\" style=\"aspect-ratio:0.10949529512403763;object-fit:cover;width:20px;height:auto\"\/><\/figure>\n<\/section>\n\n<section class=\"wp-block-group alignfull section-village has-base-background-color has-background has-global-padding is-layout-constrained wp-container-core-group-is-layout-c4f6a068 wp-block-group-is-layout-constrained\" style=\"margin-top:0px\">\n<figure class=\"wp-block-image aligncenter size-full is-resized sep-bas\" style=\"margin-bottom:var(--wp--preset--spacing--10)\"><img decoding=\"async\" src=\"https:\/\/www.euronat.com\/wp-content\/uploads\/2025\/12\/trait-1.svg\" alt=\"trait\" class=\"wp-image-337\" style=\"aspect-ratio:0.10949529512403763;object-fit:cover;width:20px;height:auto\"\/><\/figure>\n\n\n\n<h2 class=\"wp-block-heading has-text-align-center has-contrast-2-color has-text-color has-link-color wp-elements-aac8283cec6a77713ec90b1dd692d5c1\" style=\"font-size:clamp(1.743rem, 1.743rem + ((1vw - 0.2rem) * 2.095), 3rem);\">Sport- und Wasseraktivit\u00e4ten an den FKK-Str\u00e4nden in Gironde<\/h2>\n\n\n\n<figure class=\"wp-block-image aligncenter size-full\"><img decoding=\"async\" width=\"100\" height=\"32\" src=\"https:\/\/www.euronat.com\/wp-content\/uploads\/2025\/12\/separation-cercles-bis.png\" alt=\"separation cercles bis\" class=\"wp-image-367\"\/><\/figure>\n\n\n\n<p class=\"has-text-align-center\">Der FKK-Strand im M\u00e9doc ist auch ein riesiger nat\u00fcrlicher Spielplatz. Dort k\u00f6nnen Sie folgende Aktivit\u00e4ten aus\u00fcben: <\/p>\n\n\n\n<div class=\"wp-block-group has-global-padding is-layout-constrained wp-container-core-group-is-layout-8dd13e6d wp-block-group-is-layout-constrained\" style=\"padding-right:var(--wp--preset--spacing--60);padding-left:var(--wp--preset--spacing--60)\">\n<ul class=\"wp-block-list\">\n<li><strong>Beachvolleyball<\/strong><\/li>\n\n\n\n<li><strong>Surfen<\/strong> oder <strong>Bodyboarding*.<\/strong><\/li>\n\n\n\n<li><strong>Ausritte <\/strong>am Strand*.<\/li>\n\n\n\n<li><strong>Surfcasting<\/strong> (Brandungsangeln) au\u00dferhalb von Badezonen<\/li>\n<\/ul>\n<\/div>\n\n\n\n<div class=\"wp-block-cover is-light\" style=\"border-top-left-radius:40px;border-top-right-radius:40px;border-bottom-left-radius:40px;border-bottom-right-radius:40px;margin-top:var(--wp--preset--spacing--40);min-height:60vh;aspect-ratio:unset;\"><img decoding=\"async\" width=\"1920\" height=\"1077\" class=\"wp-block-cover__image-background wp-image-3013 size-full\" alt=\"surf camping euronat\" src=\"https:\/\/www.euronat.com\/wp-content\/uploads\/2026\/01\/surf-camping-euronat.jpg\" data-object-fit=\"cover\" srcset=\"https:\/\/www.euronat.com\/wp-content\/uploads\/2026\/01\/surf-camping-euronat.jpg 1920w, https:\/\/www.euronat.com\/wp-content\/uploads\/2026\/01\/surf-camping-euronat-300x168.jpg 300w, https:\/\/www.euronat.com\/wp-content\/uploads\/2026\/01\/surf-camping-euronat-1024x574.jpg 1024w, https:\/\/www.euronat.com\/wp-content\/uploads\/2026\/01\/surf-camping-euronat-768x431.jpg 768w, https:\/\/www.euronat.com\/wp-content\/uploads\/2026\/01\/surf-camping-euronat-1536x862.jpg 1536w\" sizes=\"(max-width: 1920px) 100vw, 1920px\" \/><span aria-hidden=\"true\" class=\"wp-block-cover__background has-background-dim-0 has-background-dim\"><\/span><div class=\"wp-block-cover__inner-container has-global-padding is-layout-constrained wp-block-cover-is-layout-constrained\">\n<p class=\"has-text-align-center has-large-font-size\"><\/p>\n<\/div><\/div>\n\n\n\n<p class=\"has-text-align-center\"><\/p>\n\n\n\n<figure class=\"wp-block-image aligncenter size-full is-resized sep-haut\" style=\"margin-top:var(--wp--preset--spacing--10)\"><img decoding=\"async\" src=\"https:\/\/www.euronat.com\/wp-content\/uploads\/2025\/12\/trait-haut.svg\" alt=\"trait haut\" class=\"wp-image-350\" style=\"aspect-ratio:0.10949529512403763;object-fit:cover;width:20px;height:auto\"\/><\/figure>\n<\/section>\n\n<section class=\"wp-block-cover alignfull is-light has-parallax\" style=\"margin-top:0px;margin-bottom:0px;padding-top:0;padding-right:var(--wp--preset--spacing--40);padding-bottom:0;padding-left:var(--wp--preset--spacing--40);min-height:100vh;aspect-ratio:unset;\"><div role=\"img\" aria-label=\"plages euronat\" class=\"wp-block-cover__image-background wp-image-3026 size-full has-parallax\" style=\"background-position:50% 50%;background-image:url(https:\/\/www.euronat.com\/wp-content\/uploads\/2026\/01\/plages-euronat.jpg)\"><\/div><span aria-hidden=\"true\" class=\"wp-block-cover__background has-background-dim-0 has-background-dim\" style=\"background-color:#998a6d\"><\/span><div class=\"wp-block-cover__inner-container has-global-padding is-layout-constrained wp-container-core-cover-is-layout-6f69edf4 wp-block-cover-is-layout-constrained\">\n<div class=\"wp-block-group alignwide has-global-padding is-layout-constrained wp-container-core-group-is-layout-704e782a wp-block-group-is-layout-constrained\">\n<div class=\"wp-block-group has-background has-global-padding is-layout-constrained wp-container-core-group-is-layout-e93e6669 wp-block-group-is-layout-constrained\" style=\"background-color:#174f4de8;padding-right:165px;padding-left:165px\">\n<figure class=\"wp-block-image aligncenter size-full is-resized sep-bas\"><img decoding=\"async\" src=\"https:\/\/www.euronat.com\/wp-content\/uploads\/2025\/12\/trait-1.svg\" alt=\"trait\" class=\"wp-image-337\" style=\"aspect-ratio:0.10949529512403763;object-fit:cover;width:20px;height:auto\"\/><\/figure>\n\n\n\n<h2 class=\"wp-block-heading has-text-align-center has-accent-color has-text-color has-link-color wp-elements-f185d82d41c2383a8571903e48d485d6\" style=\"font-size:clamp(1.743rem, 1.743rem + ((1vw - 0.2rem) * 2.095), 3rem);\"> Praktische Informationen und Zugang<\/h2>\n\n\n\n<figure class=\"wp-block-image aligncenter size-full\"><img decoding=\"async\" width=\"100\" height=\"32\" src=\"https:\/\/www.euronat.com\/wp-content\/uploads\/2025\/12\/separation-cercles.png\" alt=\"Kreistrennung\" class=\"wp-image-342\"\/><\/figure>\n\n\n\n<p class=\"has-text-align-center has-base-color has-text-color has-link-color wp-elements-87dc5f50de18522687d9c7e2b55c1b13\">Nacktheit ist auf allen Str\u00e4nden von Euronat Pflicht. <br\/>Hier sind die bewachten \u00d6ffnungszeiten:<\/p>\n\n\n\n<p class=\"has-text-align-center has-base-2-color has-text-color has-link-color wp-elements-bfee396ee28b7b1ad8a7ddc83f407ca4\"><strong>Zentralstrand<\/strong>:<br\/>Letzte Junih\u00e4lfte und erste Septemberh\u00e4lfte: 12.00 &#8211; 18.30 Uhr<br\/>1. Juli bis 31. August: 11.00 &#8211; 19.00 Uhr<br\/><br\/><strong>S\u00fcdstrand<\/strong>:<br\/>1. Juli bis 31. August: 11.00 &#8211; 19.00 Uhr<br\/><br\/><strong>Nordstrand<\/strong>: <br\/>Nicht bewacht, aber mit Haustieren zug\u00e4nglich. Der Nordstrand ist ganzj\u00e4hrig frei zug\u00e4nglich.<\/p>\n\n\n\n<p class=\"has-text-align-center has-base-2-color has-text-color has-link-color wp-elements-bf113a802b0e45904753f14c4b19ebaf\">Bei Fragen stehen wir Ihnen an der Rezeption gerne zur Verf\u00fcgung.<\/p>\n\n\n\n<figure class=\"wp-block-image aligncenter size-full is-resized sep-haut\"><img decoding=\"async\" src=\"https:\/\/www.euronat.com\/wp-content\/uploads\/2025\/12\/trait-haut.svg\" alt=\"trait haut\" class=\"wp-image-350\" style=\"aspect-ratio:0.10949529512403763;object-fit:cover;width:20px;height:auto\"\/><\/figure>\n<\/div>\n<\/div>\n<\/div><\/section>\n\n<section class=\"wp-block-group section-cta has-base-2-background-color has-background has-global-padding is-layout-constrained wp-block-group-is-layout-constrained\" style=\"margin-top:0px;margin-bottom:0px;padding-top:0;padding-bottom:0\">\n<figure class=\"wp-block-image aligncenter size-full is-resized sep-bas\" style=\"margin-bottom:var(--wp--preset--spacing--10)\"><img decoding=\"async\" src=\"https:\/\/www.euronat.com\/wp-content\/uploads\/2025\/12\/trait-1.svg\" alt=\"trait\" class=\"wp-image-337\" style=\"aspect-ratio:0.10949529512403763;object-fit:cover;width:20px;height:auto\"\/><\/figure>\n\n\n\n<p class=\"has-text-align-center has-contrast-2-color has-text-color has-link-color has-molentta-font-family wp-elements-aa04600c9c6c4803c0253ae17750d9be\" style=\"font-size:clamp(1.743rem, 1.743rem + ((1vw - 0.2rem) * 2.095), 3rem);line-height:1.2\">Entdecken Sie die Aktivit\u00e4ten, den Kinderclub und die Schwimb\u00e4der<\/p>\n\n\n\n<figure class=\"wp-block-image aligncenter size-full\"><img decoding=\"async\" width=\"100\" height=\"32\" src=\"https:\/\/www.euronat.com\/wp-content\/uploads\/2025\/12\/separation-cercles-bis.png\" alt=\"separation cercles bis\" class=\"wp-image-367\"\/><\/figure>\n\n\n\n<div data-swiper=\"{&quot;speed&quot;:400,&quot;spaceBetween&quot;:16,&quot;slidesPerView&quot;:3,&quot;createElements&quot;:true,&quot;loop&quot;:true,&quot;freemode&quot;:true,&quot;navigation&quot;:{&quot;nextEl&quot;:false,&quot;prevEl&quot;:false},&quot;pagination&quot;:{&quot;el&quot;:&quot;.swiper-pagination&quot;,&quot;dynamicBullets&quot;:false},&quot;breakpoints&quot;:{&quot;0&quot;:{&quot;slidesPerView&quot;:1},&quot;380&quot;:{&quot;slidesPerView&quot;:1},&quot;720&quot;:{&quot;slidesPerView&quot;:2},&quot;1024&quot;:{&quot;slidesPerView&quot;:3}},&quot;autoplay&quot;:true,&quot;delay&quot;:3000}\" data-wp-context=\"{}\" data-wp-interactive=\"core\/query\" data-wp-key=\"0\" data-wp-router-region=\"query-0\" class=\"wp-block-query alignwide gt-fse-maillage-query gt-is-slider gt-is-slider-mobile is-layout-flow wp-block-query-is-layout-flow\"><ul style=\"margin-top:0;margin-bottom:0;\" class=\"columns-3 gt-maillage wp-block-post-template is-layout-grid wp-container-core-post-template-is-layout-150c9f4b wp-block-post-template-is-layout-grid\"><li data-wp-key=\"post-template-item-9285\" class=\"wp-block-post post-9285 page type-page status-publish has-post-thumbnail hentry\">\n\n<figure class=\"wp-block-image has-custom-border gt-maillage__image\"><img decoding=\"async\" src=\"https:\/\/www.euronat.com\/wp-content\/uploads\/2026\/02\/activites-camping-naturiste.jpg\" alt=\"Aktivit\u00e4ten auf dem FKK-Campingplatz\" style=\"border-style:none;border-width:0px;border-top-left-radius:160px;border-top-right-radius:160px;border-bottom-left-radius:160px;border-bottom-right-radius:160px;aspect-ratio:2\/3;object-fit:cover\"\/><\/figure>\n\n\n\n<div class=\"wp-block-group has-global-padding is-layout-constrained wp-container-core-group-is-layout-3ced0f2d wp-block-group-is-layout-constrained\" style=\"border-style:none;border-width:0px;margin-top:-310px;padding-top:var(--wp--preset--spacing--10);padding-right:var(--wp--preset--spacing--10);padding-bottom:var(--wp--preset--spacing--10);padding-left:var(--wp--preset--spacing--20)\">\n<p class=\"has-text-align-center has-base-color has-text-color has-link-color has-molentta-font-family wp-elements-5bbf2a1aefcd8df5efe3f34be69d6cf0\" style=\"border-style:none;border-width:0px;border-top-left-radius:250px;border-top-right-radius:250px;border-bottom-left-radius:250px;border-bottom-right-radius:250px;padding-top:12px;padding-right:25px;padding-bottom:12px;padding-left:25px;font-size:clamp(19.481px, 1.218rem + ((1vw - 3.2px) * 1.2), 31px);font-style:normal;font-weight:400;line-height:1;text-decoration:none;text-transform:none\">Die Aktivit\u00e4ten<\/p>\n<\/div>\n\n\n<a class=\"is-style-lien-cover wp-block-read-more\" href=\"https:\/\/www.euronat.com\/de\/fkk-feriendorf-frankreich\/fkk-aktivitaeten-gironde\/\" target=\"_self\">Weiterlesen<span class=\"screen-reader-text\">: Die Aktivit\u00e4ten<\/span><\/a>\n<\/li><li data-wp-key=\"post-template-item-9380\" class=\"wp-block-post post-9380 page type-page status-publish has-post-thumbnail hentry\">\n\n<figure class=\"wp-block-image has-custom-border gt-maillage__image\"><img decoding=\"async\" src=\"https:\/\/www.euronat.com\/wp-content\/uploads\/2025\/12\/enfants-piscine.jpg\" alt=\"Kinder Schwimmbad\" style=\"border-style:none;border-width:0px;border-top-left-radius:160px;border-top-right-radius:160px;border-bottom-left-radius:160px;border-bottom-right-radius:160px;aspect-ratio:2\/3;object-fit:cover\"\/><\/figure>\n\n\n\n<div class=\"wp-block-group has-global-padding is-layout-constrained wp-container-core-group-is-layout-3ced0f2d wp-block-group-is-layout-constrained\" style=\"border-style:none;border-width:0px;margin-top:-310px;padding-top:var(--wp--preset--spacing--10);padding-right:var(--wp--preset--spacing--10);padding-bottom:var(--wp--preset--spacing--10);padding-left:var(--wp--preset--spacing--20)\">\n<p class=\"has-text-align-center has-base-color has-text-color has-link-color has-molentta-font-family wp-elements-5bbf2a1aefcd8df5efe3f34be69d6cf0\" style=\"border-style:none;border-width:0px;border-top-left-radius:250px;border-top-right-radius:250px;border-bottom-left-radius:250px;border-bottom-right-radius:250px;padding-top:12px;padding-right:25px;padding-bottom:12px;padding-left:25px;font-size:clamp(19.481px, 1.218rem + ((1vw - 3.2px) * 1.2), 31px);font-style:normal;font-weight:400;line-height:1;text-decoration:none;text-transform:none\">Die Schwimmb\u00e4der<\/p>\n<\/div>\n\n\n<a class=\"is-style-lien-cover wp-block-read-more\" href=\"https:\/\/www.euronat.com\/de\/fkk-feriendorf-frankreich\/fkk-schwimmbaeder-gironde\/\" target=\"_self\">Weiterlesen<span class=\"screen-reader-text\">: Die Schwimmb\u00e4der<\/span><\/a>\n<\/li><li data-wp-key=\"post-template-item-9371\" class=\"wp-block-post post-9371 page type-page status-publish has-post-thumbnail hentry\">\n\n<figure class=\"wp-block-image has-custom-border gt-maillage__image\"><img decoding=\"async\" src=\"https:\/\/www.euronat.com\/wp-content\/uploads\/2025\/12\/activites-enfants.jpg\" alt=\"Aktivit\u00e4ten f\u00fcr Kinder\" style=\"border-style:none;border-width:0px;border-top-left-radius:160px;border-top-right-radius:160px;border-bottom-left-radius:160px;border-bottom-right-radius:160px;aspect-ratio:2\/3;object-fit:cover\"\/><\/figure>\n\n\n\n<div class=\"wp-block-group has-global-padding is-layout-constrained wp-container-core-group-is-layout-3ced0f2d wp-block-group-is-layout-constrained\" style=\"border-style:none;border-width:0px;margin-top:-310px;padding-top:var(--wp--preset--spacing--10);padding-right:var(--wp--preset--spacing--10);padding-bottom:var(--wp--preset--spacing--10);padding-left:var(--wp--preset--spacing--20)\">\n<p class=\"has-text-align-center has-base-color has-text-color has-link-color has-molentta-font-family wp-elements-5bbf2a1aefcd8df5efe3f34be69d6cf0\" style=\"border-style:none;border-width:0px;border-top-left-radius:250px;border-top-right-radius:250px;border-bottom-left-radius:250px;border-bottom-right-radius:250px;padding-top:12px;padding-right:25px;padding-bottom:12px;padding-left:25px;font-size:clamp(19.481px, 1.218rem + ((1vw - 3.2px) * 1.2), 31px);font-style:normal;font-weight:400;line-height:1;text-decoration:none;text-transform:none\">F\u00fcr Kinder<\/p>\n<\/div>\n\n\n<a class=\"is-style-lien-cover wp-block-read-more\" href=\"https:\/\/www.euronat.com\/de\/fkk-feriendorf-frankreich\/fkk-kinderclubs\/\" target=\"_self\">Weiterlesen<span class=\"screen-reader-text\">: Aktivit\u00e4ten f\u00fcr Kinder<\/span><\/a>\n<\/li><\/ul><\/div>\n\n\n\n<figure class=\"wp-block-image aligncenter size-full is-resized sep-haut\" style=\"margin-top:var(--wp--preset--spacing--10)\"><img decoding=\"async\" src=\"https:\/\/www.euronat.com\/wp-content\/uploads\/2025\/12\/trait-haut.svg\" alt=\"trait haut\" class=\"wp-image-350\" style=\"aspect-ratio:0.10949529512403763;object-fit:cover;width:20px;height:auto\"\/><\/figure>\n<\/section>\n","protected":false},"excerpt":{"rendered":"<p>FKK-Str\u00e4nde im M\u00e9doc direkt vom Campingplatz erreichbar In wenigen Minuten von Ihrer Unterkunft aus stehen Sie mit den F\u00fc\u00dfen im Wasser! Vom FKK-Campingplatz in Gironde aus haben Sie direkten Zugang zu einem der sch\u00f6nsten FKK-Str\u00e4nde Frankreichs. Eingebettet inmitten des Pinienwaldes, zwischen D\u00fcnen und Ozean, bietet der FKK-Strand des M\u00e9doc eine au\u00dfergew\u00f6hnliche, wilde und unber\u00fchrte Umgebung. [&hellip;]<\/p>\n","protected":false},"author":1,"featured_media":9328,"parent":8062,"menu_order":0,"comment_status":"closed","ping_status":"closed","template":"","meta":{"_seopress_robots_primary_cat":"","_seopress_titles_title":"FKK-Str\u00e4nde im M\u00e9doc I FKK-Str\u00e4nde in der Gironde","_seopress_titles_desc":"Der FKK-Strand von Euronat besteht aus 3 Str\u00e4nden, von denen zwei von Mitte Juni bis Mitte September bewacht sind und einer f\u00fcr Haustiere geeignet ist.","_seopress_robots_index":"","_gt_ctv_global_id":"274","_gt_ctv_id_group":false,"inline_featured_image":false,"gt_fse_maillage_image":"https:\/\/www.euronat.com\/wp-content\/uploads\/2026\/02\/plages-naturistes-medoc.jpg","gt_fse_maillage_titre":"Die Str\u00e4nde","gt_fse_maillage_alt":"FKK-Str\u00e4nde M\u00e9doc","gt_fse_maillage_resume":"","footnotes":""},"categories":[],"tags":[],"class_list":["post-9351","page","type-page","status-publish","has-post-thumbnail","hentry"],"_links":{"self":[{"href":"https:\/\/www.euronat.com\/de\/wp-json\/wp\/v2\/pages\/9351","targetHints":{"allow":["GET"]}}],"collection":[{"href":"https:\/\/www.euronat.com\/de\/wp-json\/wp\/v2\/pages"}],"about":[{"href":"https:\/\/www.euronat.com\/de\/wp-json\/wp\/v2\/types\/page"}],"author":[{"embeddable":true,"href":"https:\/\/www.euronat.com\/de\/wp-json\/wp\/v2\/users\/1"}],"replies":[{"embeddable":true,"href":"https:\/\/www.euronat.com\/de\/wp-json\/wp\/v2\/comments?post=9351"}],"version-history":[{"count":7,"href":"https:\/\/www.euronat.com\/de\/wp-json\/wp\/v2\/pages\/9351\/revisions"}],"predecessor-version":[{"id":13355,"href":"https:\/\/www.euronat.com\/de\/wp-json\/wp\/v2\/pages\/9351\/revisions\/13355"}],"up":[{"embeddable":true,"href":"https:\/\/www.euronat.com\/de\/wp-json\/wp\/v2\/pages\/8062"}],"wp:featuredmedia":[{"embeddable":true,"href":"https:\/\/www.euronat.com\/de\/wp-json\/wp\/v2\/media\/9328"}],"wp:attachment":[{"href":"https:\/\/www.euronat.com\/de\/wp-json\/wp\/v2\/media?parent=9351"}],"wp:term":[{"taxonomy":"category","embeddable":true,"href":"https:\/\/www.euronat.com\/de\/wp-json\/wp\/v2\/categories?post=9351"},{"taxonomy":"post_tag","embeddable":true,"href":"https:\/\/www.euronat.com\/de\/wp-json\/wp\/v2\/tags?post=9351"}],"curies":[{"name":"wp","href":"https:\/\/api.w.org\/{rel}","templated":true}]}}