{"id":9501,"date":"2025-12-18T12:25:58","date_gmt":"2025-12-18T11:25:58","guid":{"rendered":"https:\/\/www.euronat.com\/fkk-thalasso-geschenkgutschein\/"},"modified":"2026-04-17T10:35:23","modified_gmt":"2026-04-17T08:35:23","slug":"fkk-thalasso-geschenkgutschein","status":"publish","type":"page","link":"https:\/\/www.euronat.com\/de\/fkk-thalasso-geschenkgutschein\/","title":{"rendered":"Gutschein verschenken"},"content":{"rendered":"\n<section class=\"wp-block-group section-1 is-layout-flow wp-block-group-is-layout-flow\" style=\"margin-top:0px;margin-bottom:0px;padding-bottom:0\">\n<div class=\"wp-block-group has-global-padding is-layout-constrained wp-container-core-group-is-layout-8e9d2400 wp-block-group-is-layout-constrained\" style=\"margin-top:0px;margin-bottom:0px\">\n<figure class=\"wp-block-image aligncenter size-full is-resized sep-bas\" style=\"margin-bottom:var(--wp--preset--spacing--10)\"><img decoding=\"async\" src=\"https:\/\/www.euronat.com\/wp-content\/uploads\/2025\/12\/trait-1.svg\" alt=\"trait\" class=\"wp-image-337\" style=\"aspect-ratio:0.10949529512403763;object-fit:cover;width:20px;height:auto\"\/><\/figure>\n\n\n\n<p class=\"has-text-align-center has-accent-color has-text-color has-link-color has-medium-font-size wp-elements-66777c8843b6ed00e6315260a1adf10d\" style=\"padding-top:0;text-transform:uppercase\">Geschenkgutschein<\/p>\n\n\n\n<p class=\"has-text-align-center has-contrast-2-color has-text-color has-link-color has-molentta-font-family has-x-large-font-size wp-elements-7bfa4747062401a9e2d114fd68e0b828\" style=\"line-height:.8\">Schenken Sie einen Moment nat\u00fcrliches Wohlbefinden<\/p>\n\n\n\n<div class=\"wp-block-columns are-vertically-aligned-center is-layout-flex wp-container-core-columns-is-layout-ed028fa6 wp-block-columns-is-layout-flex\" style=\"padding-top:var(--wp--preset--spacing--20);padding-bottom:var(--wp--preset--spacing--20)\">\n<div class=\"wp-block-column is-vertically-aligned-center animated fadeIn slow is-layout-flow wp-block-column-is-layout-flow\" style=\"flex-basis:40%\">\n<figure class=\"wp-block-image size-full has-custom-border\"><img decoding=\"async\" width=\"1000\" height=\"1503\" src=\"https:\/\/www.euronat.com\/wp-content\/uploads\/2026\/01\/bon-cadeau-thalasso-naturiste.jpg\" alt=\"Geschenkgutschein f&#xFC;r FKK-Thalasso\" class=\"wp-image-8477\" style=\"border-top-left-radius:200px;border-top-right-radius:200px;border-bottom-left-radius:200px;border-bottom-right-radius:200px\" srcset=\"https:\/\/www.euronat.com\/wp-content\/uploads\/2026\/01\/bon-cadeau-thalasso-naturiste.jpg 1000w, https:\/\/www.euronat.com\/wp-content\/uploads\/2026\/01\/bon-cadeau-thalasso-naturiste-200x300.jpg 200w, https:\/\/www.euronat.com\/wp-content\/uploads\/2026\/01\/bon-cadeau-thalasso-naturiste-681x1024.jpg 681w, https:\/\/www.euronat.com\/wp-content\/uploads\/2026\/01\/bon-cadeau-thalasso-naturiste-768x1154.jpg 768w\" sizes=\"(max-width: 1000px) 100vw, 1000px\" \/><\/figure>\n<\/div>\n\n\n\n<div class=\"wp-block-column is-vertically-aligned-center is-layout-flow wp-block-column-is-layout-flow\" style=\"flex-basis:60%\">\n<h1 class=\"wp-block-heading\">Verschenken Sie einen FKK-Thalasso-Gutschein &#8211; Ein besonderes Erlebnis!<\/h1>\n\n\n\n<p>Machen Sie Ihren Liebsten eine besondere Freude, mit <strong>einem Moment echter Entspannung mitten in der Natur<\/strong>! Einen FKK-Thalasso-Gutschein in Gironde zu verschenken bedeutet, <strong>eine Auszeit vom Alltag zu schenken<\/strong>, in einem au\u00dfergew\u00f6hnlichen Rahmen, in Euronat, dem gr\u00f6\u00dften FKK-Feriendorf Europas. <\/p>\n\n\n\n<p>Ob zum Geburtstag, zum Renteneintritt, zu einem besonderen Anlass oder einfach als Dankesch\u00f6n, der FKK-Thalasso-Gutschein in M\u00e9doc ist eine <strong>originelle<\/strong>, <strong>stilvolle<\/strong> und <strong>pers\u00f6nliche Aufmerksamkeit<\/strong>. Der Beschenkte erh\u00e4lt Zugang zur einzigartigen Welt des <a href=\"https:\/\/www.euronat.com\/de\/fkk-thalasso-spa\/\" data-type=\"page\" data-id=\"694\">Euronat Spas und der Thalassotherapie<\/a>: Wohlf\u00fchlmassagen, Sch\u00f6nheitsbehandlungen, Fitnesskuren, Entspannungsrituale sowie den Meeresbereich mit beheiztem Meerwasserschwimmbad. <\/p>\n\n\n\n<div class=\"wp-block-buttons btn-vert btn-thalasso animated fadeIn slow gt-show-mobile is-content-justification-left is-layout-flex wp-container-core-buttons-is-layout-ad415a7e wp-block-buttons-is-layout-flex\" style=\"padding-top:0\">\n<div class=\"wp-block-button\"><a class=\"wp-block-button__link wp-element-button\" href=\"https:\/\/rbe-euronat.aquao.fr\/thalasso-euronat\/gift-cheque\" style=\"border-top-left-radius:100px;border-top-right-radius:100px;border-bottom-left-radius:100px;border-bottom-right-radius:100px;padding-top:14px;padding-right:32px;padding-bottom:14px;padding-left:32px;text-transform:uppercase\" target=\"_blank\" rel=\"noreferrer noopener\">Gutschein verschenken<\/a><\/div>\n<\/div>\n<\/div>\n<\/div>\n<\/div>\n\n\n\n<figure class=\"wp-block-image aligncenter size-full is-resized sep-haut\" style=\"margin-top:var(--wp--preset--spacing--10)\"><img decoding=\"async\" src=\"https:\/\/www.euronat.com\/wp-content\/uploads\/2025\/12\/trait-haut.svg\" alt=\"trait haut\" class=\"wp-image-350\" style=\"aspect-ratio:0.10949529512403763;object-fit:cover;width:20px;height:auto\"\/><\/figure>\n<\/section>\n\n<section class=\"wp-block-group section-village section-village-bis has-background is-layout-flow wp-block-group-is-layout-flow\" style=\"background-color:#af9d8533;margin-top:0px\">\n<figure class=\"wp-block-image aligncenter size-full is-resized sep-bas\" style=\"margin-bottom:var(--wp--preset--spacing--10)\"><img decoding=\"async\" src=\"https:\/\/www.euronat.com\/wp-content\/uploads\/2025\/12\/trait-1.svg\" alt=\"trait\" class=\"wp-image-337\" style=\"aspect-ratio:0.10949529512403763;object-fit:cover;width:20px;height:auto\"\/><\/figure>\n\n\n\n<div class=\"wp-block-columns alignfull are-vertically-aligned-center gt-reverse-mobile is-layout-flex wp-container-core-columns-is-layout-e428e011 wp-block-columns-is-layout-flex\" style=\"border-radius:0px;margin-top:0px;margin-right:0px;margin-bottom:0px;margin-left:0px;padding-top:0px;padding-right:155px;padding-bottom:0px;padding-left:155px\">\n<div class=\"wp-block-column is-vertically-aligned-center is-layout-flow wp-block-column-is-layout-flow\" style=\"flex-basis:55%\">\n<figure class=\"wp-block-image aligncenter size-full mask-shape\" style=\"margin-top:0px;margin-right:0px;margin-bottom:0px;margin-left:0px\"><img decoding=\"async\" width=\"992\" height=\"997\" src=\"https:\/\/www.euronat.com\/wp-content\/uploads\/2025\/12\/thalasso-euronat-massage.jpg\" alt=\"FKK-Wellnessbereich\" class=\"wp-image-819\" srcset=\"https:\/\/www.euronat.com\/wp-content\/uploads\/2025\/12\/thalasso-euronat-massage.jpg 992w, https:\/\/www.euronat.com\/wp-content\/uploads\/2025\/12\/thalasso-euronat-massage-298x300.jpg 298w, https:\/\/www.euronat.com\/wp-content\/uploads\/2025\/12\/thalasso-euronat-massage-150x150.jpg 150w, https:\/\/www.euronat.com\/wp-content\/uploads\/2025\/12\/thalasso-euronat-massage-768x772.jpg 768w\" sizes=\"(max-width: 992px) 100vw, 992px\" \/><\/figure>\n<\/div>\n\n\n\n<div class=\"wp-block-column is-vertically-aligned-center is-layout-flow wp-block-column-is-layout-flow\" style=\"flex-basis:45%\">\n<div class=\"wp-block-group full-width is-vertical is-content-justification-left is-nowrap is-layout-flex wp-container-core-group-is-layout-3bad0007 wp-block-group-is-layout-flex\" style=\"border-radius:0px;margin-top:0px;margin-right:0px;margin-bottom:0px;margin-left:0px;padding-top:0px;padding-right:0px;padding-bottom:0px;padding-left:0px\">\n<h2 class=\"wp-block-heading has-text-align-left has-contrast-2-color has-text-color has-link-color wp-elements-f937b2228397075539ab2b6efec06914\" style=\"font-size:clamp(1.743rem, 1.743rem + ((1vw - 0.2rem) * 2.095), 3rem);text-transform:uppercase\">So funktioniert der Gutschein<\/h2>\n\n\n\n<figure class=\"wp-block-image size-full\"><img decoding=\"async\" width=\"100\" height=\"32\" src=\"https:\/\/www.euronat.com\/wp-content\/uploads\/2025\/12\/separation-cercles-bise.png\" alt=\"separation cercles bise\" class=\"wp-image-478\"\/><\/figure>\n\n\n\n<p class=\"has-text-align-left\">Den Gutschein zu kaufen ist ganz <strong>einfach<\/strong> und geht <strong>schnell<\/strong>. Sie w\u00e4hlen einfach einen <strong>Betrag<\/strong>, und der Beschenkte entscheidet selbst, was ihm am besten gef\u00e4llt. Der Gutschein ist ab Ausstellungsdatum 12 Monate g\u00fcltig und kann je nach gew\u00e4hlter Option auf einmal oder in mehreren Malen eingel\u00f6st werden.  <\/p>\n\n\n\n<p class=\"has-text-align-left\">Der Beschenkte kann direkt bei unserem Team unter <a href=\"tel:0556732450\">05 56 73 24 50<\/a> buchen, um <strong>seine Behandlung zu planen<\/strong> oder <strong>seinen Aufenthalt zu organisieren<\/strong>. Es ist auch m\u00f6glich, den Gutschein mit einer Unterkunft auf dem<a href=\"https:\/\/www.euronat.com\/de\/\" data-type=\"page\" data-id=\"5\"> FKK-Campingplatz in M\u00e9doc<\/a> zu kombinieren, f\u00fcr ein rundum stimmiges Erlebnis aus <strong>Komfort<\/strong>, <strong>Natur<\/strong> und <strong>Ruhe<\/strong>. <\/p>\n<\/div>\n<\/div>\n<\/div>\n\n\n\n<figure class=\"wp-block-image aligncenter size-full is-resized sep-haut\" style=\"margin-top:var(--wp--preset--spacing--10)\"><img decoding=\"async\" src=\"https:\/\/www.euronat.com\/wp-content\/uploads\/2025\/12\/trait-haut.svg\" alt=\"trait haut\" class=\"wp-image-350\" style=\"aspect-ratio:0.10949529512403763;object-fit:cover;width:20px;height:auto\"\/><\/figure>\n<\/section>\n\n<section class=\"wp-block-group alignfull section-village has-base-background-color has-background has-global-padding is-layout-constrained wp-container-core-group-is-layout-c4f6a068 wp-block-group-is-layout-constrained\" style=\"margin-top:0px\">\n<figure class=\"wp-block-image aligncenter size-full is-resized sep-bas\" style=\"margin-bottom:var(--wp--preset--spacing--10)\"><img decoding=\"async\" src=\"https:\/\/www.euronat.com\/wp-content\/uploads\/2025\/12\/trait-1.svg\" alt=\"trait\" class=\"wp-image-337\" style=\"aspect-ratio:0.10949529512403763;object-fit:cover;width:20px;height:auto\"\/><\/figure>\n\n\n\n<h2 class=\"wp-block-heading has-text-align-center has-contrast-2-color has-text-color has-link-color wp-elements-6b8d84ebc29d7521bb791f707720cfb3\" style=\"font-size:clamp(1.743rem, 1.743rem + ((1vw - 0.2rem) * 2.095), 3rem);text-transform:uppercase\">W\u00e4hlen Sie eine Behandlung, eine Kur, ein Ritual oder einen Betrag<\/h2>\n\n\n\n<figure class=\"wp-block-image aligncenter size-full\"><img decoding=\"async\" width=\"100\" height=\"32\" src=\"https:\/\/www.euronat.com\/wp-content\/uploads\/2025\/12\/separation-cercles-bis.png\" alt=\"separation cercles bis\" class=\"wp-image-367\"\/><\/figure>\n\n\n\n<p class=\"has-text-align-center\">Mit einem Gutschein stehen folgende Leistungen zur Wahl:<br\/>&#8211; Eine <strong>Thalasso Form &amp; Relaxation-Kur<\/strong> \u00fcber mehrere Tage<br\/>&#8211; Ein <strong>Spa Ritual<\/strong>, das Gesichtsbehandlungen und Massagen aus aller Welt vereint<br\/>&#8211; Eine <strong>Massage<\/strong>, im echten Geiste der Werte von Euronat<br\/>&#8211; Eine <strong>gezielte Schlank-<\/strong> oder <strong>Anti-Aging-Behandlung<\/strong><br\/>&#8211; Zugang zum der marine Entspannungsbereich mit Meerwasserschwimmbad und Sauna, Hammam und Jacuzzi<\/p>\n\n\n\n<p class=\"has-text-align-center\">Sie k\u00f6nnen den<strong> Gutschein per Post<\/strong> verschicken, d<strong>igital \u00fcbermitteln<\/strong> oder <strong>direkt an der Thalasso abholen<\/strong>.<br\/>Zeigen Sie Ihren Liebsten die Magie einer FKK-Thalasso in M\u00e9doc, und schenken Sie ihnen einen <strong>unvergesslichen Moment der Ruhe<\/strong> und <strong>des Wohlbefindens<\/strong>. <\/p>\n\n\n\n<figure class=\"wp-block-image aligncenter size-full is-resized sep-haut\" style=\"margin-top:var(--wp--preset--spacing--10)\"><img decoding=\"async\" src=\"https:\/\/www.euronat.com\/wp-content\/uploads\/2025\/12\/trait-haut.svg\" alt=\"trait haut\" class=\"wp-image-350\" style=\"aspect-ratio:0.10949529512403763;object-fit:cover;width:20px;height:auto\"\/><\/figure>\n<\/section>\n\n<div class=\"wp-block-cover alignfull is-light has-parallax\" style=\"margin-top:0px;padding-top:140px;padding-bottom:200px;min-height:90vh;aspect-ratio:unset;\"><div role=\"img\" aria-label=\"avis thalasso euronat\" class=\"wp-block-cover__image-background wp-image-1049 size-full has-parallax\" style=\"background-position:50% 50%;background-image:url(https:\/\/www.euronat.com\/wp-content\/uploads\/2025\/12\/banner-avis-euronat.jpg)\"><\/div><span aria-hidden=\"true\" class=\"wp-block-cover__background has-base-background-color has-background-dim-10 has-background-dim\"><\/span><div class=\"wp-block-cover__inner-container has-global-padding is-layout-constrained wp-block-cover-is-layout-constrained\">\n<div class=\"wp-block-group alignwide is-layout-flow wp-block-group-is-layout-flow\" style=\"margin-top:var(--wp--preset--spacing--30);margin-bottom:0px;padding-right:0px;padding-left:0px\">\n<p class=\"has-text-align-center has-contrast-2-color has-text-color has-link-color has-molentta-font-family wp-elements-879ad2f3596c2d2032aa0b432b265210\" style=\"padding-bottom:var(--wp--preset--spacing--20);font-size:clamp(35.2px, 2.2rem + ((1vw - 3.2px) * 3), 64px);line-height:.8\">Weil Wohlbefinden <br>erlebt und geteilt wird<\/p>\n\n\n\n<script defer async src='https:\/\/cdn.trustindex.io\/loader.js?d52897964ab902840016a06d2bc'><\/script>\n<\/div>\n\n\n\n<div class=\"wp-block-buttons btn-vert btn-thalasso animated fadeIn slow is-content-justification-center is-layout-flex wp-container-core-buttons-is-layout-1399cabf wp-block-buttons-is-layout-flex\" style=\"padding-top:var(--wp--preset--spacing--20)\">\n<div class=\"wp-block-button\"><a class=\"wp-block-button__link wp-element-button\" href=\"https:\/\/www.google.com\/maps\/place\/Thalassoth%C3%A9rapie+Euronat\/@45.4177967,-1.1430389,17z\/data=!4m8!3m7!1s0x48018f177ccf4255:0xdb72043db2bb846b!8m2!3d45.417793!4d-1.140464!9m1!1b1!16s%2Fg%2F11cn68n5mk?entry=ttu&amp;g_ep=EgoyMDI1MTIwOS4wIKXMDSoKLDEwMDc5MjA2OUgBUAM%3D\" style=\"border-top-left-radius:100px;border-top-right-radius:100px;border-bottom-left-radius:100px;border-bottom-right-radius:100px;padding-top:14px;padding-right:32px;padding-bottom:14px;padding-left:32px;text-transform:uppercase\" target=\"_blank\" rel=\"noreferrer noopener nofollow\">alle Kundenbewertungen<\/a><\/div>\n<\/div>\n<\/div><\/div>\n","protected":false},"excerpt":{"rendered":"<p>Geschenkgutschein Schenken Sie einen Moment nat\u00fcrliches Wohlbefinden Verschenken Sie einen FKK-Thalasso-Gutschein &#8211; Ein besonderes Erlebnis! Machen Sie Ihren Liebsten eine besondere Freude, mit einem Moment echter Entspannung mitten in der Natur! Einen FKK-Thalasso-Gutschein in Gironde zu verschenken bedeutet, eine Auszeit vom Alltag zu schenken, in einem au\u00dfergew\u00f6hnlichen Rahmen, in Euronat, dem gr\u00f6\u00dften FKK-Feriendorf Europas. Ob [&hellip;]<\/p>\n","protected":false},"author":1,"featured_media":9452,"parent":0,"menu_order":0,"comment_status":"closed","ping_status":"closed","template":"","meta":{"_seopress_robots_primary_cat":"","_seopress_titles_title":"FKK-Thalasso-Geschenkgutschein in der Gironde, im M\u00e9doc","_seopress_titles_desc":"Verschenken Sie besondere Momente mit einem Thalasso-Geschenkgutschein. W\u00e4hlen Sie eine Behandlung oder einen Betrag f\u00fcr einen au\u00dfergew\u00f6hnlichen Moment... ","_seopress_robots_index":"","_gt_ctv_global_id":"274","_gt_ctv_id_group":false,"inline_featured_image":false,"gt_fse_maillage_image":"https:\/\/www.euronat.com\/wp-content\/uploads\/2026\/01\/bon-cadeau-thalasso.jpg","gt_fse_maillage_titre":"Gutschein verschenken","gt_fse_maillage_alt":"Thalasso-Geschenkgutschein","gt_fse_maillage_resume":"","footnotes":""},"categories":[],"tags":[],"class_list":["post-9501","page","type-page","status-publish","has-post-thumbnail","hentry"],"_links":{"self":[{"href":"https:\/\/www.euronat.com\/de\/wp-json\/wp\/v2\/pages\/9501","targetHints":{"allow":["GET"]}}],"collection":[{"href":"https:\/\/www.euronat.com\/de\/wp-json\/wp\/v2\/pages"}],"about":[{"href":"https:\/\/www.euronat.com\/de\/wp-json\/wp\/v2\/types\/page"}],"author":[{"embeddable":true,"href":"https:\/\/www.euronat.com\/de\/wp-json\/wp\/v2\/users\/1"}],"replies":[{"embeddable":true,"href":"https:\/\/www.euronat.com\/de\/wp-json\/wp\/v2\/comments?post=9501"}],"version-history":[{"count":12,"href":"https:\/\/www.euronat.com\/de\/wp-json\/wp\/v2\/pages\/9501\/revisions"}],"predecessor-version":[{"id":19798,"href":"https:\/\/www.euronat.com\/de\/wp-json\/wp\/v2\/pages\/9501\/revisions\/19798"}],"wp:featuredmedia":[{"embeddable":true,"href":"https:\/\/www.euronat.com\/de\/wp-json\/wp\/v2\/media\/9452"}],"wp:attachment":[{"href":"https:\/\/www.euronat.com\/de\/wp-json\/wp\/v2\/media?parent=9501"}],"wp:term":[{"taxonomy":"category","embeddable":true,"href":"https:\/\/www.euronat.com\/de\/wp-json\/wp\/v2\/categories?post=9501"},{"taxonomy":"post_tag","embeddable":true,"href":"https:\/\/www.euronat.com\/de\/wp-json\/wp\/v2\/tags?post=9501"}],"curies":[{"name":"wp","href":"https:\/\/api.w.org\/{rel}","templated":true}]}}