{"id":9395,"date":"2025-12-09T15:29:42","date_gmt":"2025-12-09T14:29:42","guid":{"rendered":"https:\/\/www.euronat.com\/camping-naturista-francia\/playas-naturistas-Gironde\/"},"modified":"2026-03-08T12:24:53","modified_gmt":"2026-03-08T11:24:53","slug":"playas-naturistas-gironde","status":"publish","type":"page","link":"https:\/\/www.euronat.com\/es\/camping-naturista-francia\/playas-naturistas-gironde\/","title":{"rendered":"Las playas"},"content":{"rendered":"\n<section class=\"wp-block-group section-1 is-layout-flow wp-block-group-is-layout-flow\" style=\"margin-top:0px;margin-bottom:0px;padding-bottom:0\">\n<div class=\"wp-block-group has-global-padding is-layout-constrained wp-container-core-group-is-layout-8e9d2400 wp-block-group-is-layout-constrained\" style=\"margin-top:0px;margin-bottom:0px\">\n<figure class=\"wp-block-image aligncenter size-full is-resized sep-bas\" style=\"margin-bottom:var(--wp--preset--spacing--10)\"><img decoding=\"async\" src=\"https:\/\/www.euronat.com\/wp-content\/uploads\/2025\/12\/trait-1.svg\" alt=\"trait\" class=\"wp-image-337\" style=\"aspect-ratio:0.10949529512403763;object-fit:cover;width:20px;height:auto\"\/><\/figure>\n\n\n\n<h1 class=\"wp-block-heading has-text-align-center has-contrast-2-color has-text-color has-link-color has-molentta-font-family has-x-large-font-size wp-elements-c0eae4edbc7ff53a817ede21eabb4743\" style=\"padding-bottom:var(--wp--preset--spacing--20);letter-spacing:0px;line-height:1;text-transform:none\">Playas naturistas en el M\u00e9doc accesibles desde el camping<\/h1>\n\n\n\n<div class=\"wp-block-columns are-vertically-aligned-center is-layout-flex wp-container-core-columns-is-layout-ed028fa6 wp-block-columns-is-layout-flex\" style=\"padding-top:var(--wp--preset--spacing--20);padding-bottom:var(--wp--preset--spacing--20)\">\n<div class=\"wp-block-column is-vertically-aligned-center animated fadeIn slow is-layout-flow wp-block-column-is-layout-flow\" style=\"flex-basis:40%\">\n<figure class=\"wp-block-image size-full has-custom-border\"><img decoding=\"async\" width=\"893\" height=\"1277\" src=\"https:\/\/www.euronat.com\/wp-content\/uploads\/2026\/01\/Plages-naturistes-medoc-e1767799762444.jpg\" alt=\"Playas naturistas del Medoc\" class=\"wp-image-2984\" style=\"border-top-left-radius:200px;border-top-right-radius:200px;border-bottom-left-radius:200px;border-bottom-right-radius:200px\" srcset=\"https:\/\/www.euronat.com\/wp-content\/uploads\/2026\/01\/Plages-naturistes-medoc-e1767799762444.jpg 893w, https:\/\/www.euronat.com\/wp-content\/uploads\/2026\/01\/Plages-naturistes-medoc-e1767799762444-210x300.jpg 210w, https:\/\/www.euronat.com\/wp-content\/uploads\/2026\/01\/Plages-naturistes-medoc-e1767799762444-716x1024.jpg 716w, https:\/\/www.euronat.com\/wp-content\/uploads\/2026\/01\/Plages-naturistes-medoc-e1767799762444-768x1098.jpg 768w\" sizes=\"(max-width: 893px) 100vw, 893px\" \/><\/figure>\n<\/div>\n\n\n\n<div class=\"wp-block-column is-vertically-aligned-center is-layout-flow wp-block-column-is-layout-flow\" style=\"flex-basis:60%\">\n<p>\u00a1En pocos minutos desde vuestro alojamiento, ya tendr\u00e9is los pies en el agua!<\/p>\n\n\n\n<p>Desde nuestro <a href=\"https:\/\/www.euronat.com\/es\/\" data-type=\"page\" data-id=\"5\">camping naturista en Gironde<\/a>, acced\u00e9is directamente a una de las playas naturistas m\u00e1s bellas de Francia. En pleno coraz\u00f3n del pinar, entre dunas y oc\u00e9ano, la playa naturista del M\u00e9doc ofrece un entorno <strong>excepcional<\/strong>, <strong>salvaje<\/strong> y <strong>virgen<\/strong>. Con 1,5 km de longitud, se extiende a lo largo de la costa atl\u00e1ntica, garantizando <strong>espacio<\/strong>, <strong>libertad<\/strong> y <strong>tranquilidad<\/strong>.  <\/p>\n<\/div>\n<\/div>\n<\/div>\n\n\n\n<figure class=\"wp-block-image aligncenter size-full is-resized sep-haut\" style=\"margin-top:var(--wp--preset--spacing--10)\"><img decoding=\"async\" src=\"https:\/\/www.euronat.com\/wp-content\/uploads\/2025\/12\/trait-haut.svg\" alt=\"trait haut\" class=\"wp-image-350\" style=\"aspect-ratio:0.10949529512403763;object-fit:cover;width:20px;height:auto\"\/><\/figure>\n<\/section>\n\n<section class=\"wp-block-group alignfull section-village section-village-bis has-background has-global-padding is-layout-constrained wp-container-core-group-is-layout-c4f6a068 wp-block-group-is-layout-constrained\" style=\"background-color:#af9d8533;margin-top:0px\">\n<figure class=\"wp-block-image aligncenter size-full is-resized sep-bas\" style=\"margin-bottom:var(--wp--preset--spacing--10)\"><img decoding=\"async\" src=\"https:\/\/www.euronat.com\/wp-content\/uploads\/2025\/12\/trait-1.svg\" alt=\"trait\" class=\"wp-image-337\" style=\"aspect-ratio:0.10949529512403763;object-fit:cover;width:20px;height:auto\"\/><\/figure>\n\n\n\n<div class=\"wp-block-columns alignfull are-vertically-aligned-center gt-reverse-mobile is-layout-flex wp-container-core-columns-is-layout-a1f023c2 wp-block-columns-is-layout-flex\" style=\"border-radius:0px;margin-top:0px;margin-right:0px;margin-bottom:0px;margin-left:0px;padding-top:var(--wp--preset--spacing--20);padding-right:40px;padding-bottom:var(--wp--preset--spacing--20);padding-left:40px\">\n<div class=\"wp-block-column is-vertically-aligned-center animated fadeIn slow is-layout-flow wp-block-column-is-layout-flow\">\n<figure class=\"wp-block-image alignright size-full has-custom-border\" style=\"margin-top:0;margin-right:0px;margin-bottom:0;margin-left:0px\"><img decoding=\"async\" width=\"9520\" height=\"6336\" src=\"https:\/\/www.euronat.com\/wp-content\/uploads\/2026\/01\/Plages-camping-Euronat.jpg\" alt=\"Playas camping Euronat\" class=\"wp-image-2997\" style=\"border-top-left-radius:40px;border-top-right-radius:40px;border-bottom-left-radius:40px;border-bottom-right-radius:40px\" srcset=\"https:\/\/www.euronat.com\/wp-content\/uploads\/2026\/01\/Plages-camping-Euronat.jpg 9520w, https:\/\/www.euronat.com\/wp-content\/uploads\/2026\/01\/Plages-camping-Euronat-300x200.jpg 300w, https:\/\/www.euronat.com\/wp-content\/uploads\/2026\/01\/Plages-camping-Euronat-1024x682.jpg 1024w, https:\/\/www.euronat.com\/wp-content\/uploads\/2026\/01\/Plages-camping-Euronat-768x511.jpg 768w\" sizes=\"(max-width: 9520px) 100vw, 9520px\" \/><\/figure>\n<\/div>\n\n\n\n<div class=\"wp-block-column is-vertically-aligned-center is-layout-flow wp-block-column-is-layout-flow\">\n<div class=\"wp-block-group full-width is-vertical is-content-justification-left is-nowrap is-layout-flex wp-container-core-group-is-layout-a2679f3f wp-block-group-is-layout-flex\" style=\"border-radius:0px;margin-top:0px;margin-right:0px;margin-bottom:0px;margin-left:0px;padding-top:0px;padding-right:0px;padding-bottom:0px;padding-left:0px\">\n<h2 class=\"wp-block-heading has-text-align-left has-contrast-2-color has-text-color has-link-color wp-elements-1a4f04ef113ebfa912cc827167c2410c\" style=\"font-size:clamp(1.743rem, 1.743rem + ((1vw - 0.2rem) * 2.095), 3rem);\">Disfrutar del sol y del mar en la arena fina<\/h2>\n\n\n\n<figure class=\"wp-block-image size-full\"><img decoding=\"async\" width=\"100\" height=\"32\" src=\"https:\/\/www.euronat.com\/wp-content\/uploads\/2025\/12\/separation-cercles-bise.png\" alt=\"separation cercles bise\" class=\"wp-image-478\"\/><\/figure>\n\n\n\n<p class=\"has-text-align-left\">Tanto si os gusta tomar el sol, echar una siesta bajo la sombrilla, construir castillos de arena con los ni\u00f1os o saltar las olas, en las playas naturistas de Gironde <strong>hay planes para todos<\/strong>.<\/p>\n\n\n\n<p>Dos de nuestras playas cuentan con <strong>servicio de socorrismo durante toda la semana<\/strong>: playa central, de <strong>mediados de junio a mediados de septiembre<\/strong>, y playa sur: del <strong>1 de julio al 31 de agosto<\/strong>. As\u00ed podr\u00e9is disfrutar del oc\u00e9ano con total tranquilidad, en familia, con amigos o en solitario.<\/p>\n\n\n\n<p>Para quienes viajan con sus mascotas, la playa norte os da la bienvenida; una zona no vigilada en un paraje natural espectacular entre el <strong>cielo<\/strong>, los <strong>pinos<\/strong> y el <strong>oc\u00e9ano<\/strong>. <\/p>\n<\/div>\n<\/div>\n<\/div>\n\n\n\n<figure class=\"wp-block-image aligncenter size-full is-resized sep-haut\" style=\"margin-top:var(--wp--preset--spacing--10)\"><img decoding=\"async\" src=\"https:\/\/www.euronat.com\/wp-content\/uploads\/2025\/12\/trait-haut.svg\" alt=\"trait haut\" class=\"wp-image-350\" style=\"aspect-ratio:0.10949529512403763;object-fit:cover;width:20px;height:auto\"\/><\/figure>\n<\/section>\n\n<section class=\"wp-block-group alignfull section-village has-base-background-color has-background has-global-padding is-layout-constrained wp-container-core-group-is-layout-c4f6a068 wp-block-group-is-layout-constrained\" style=\"margin-top:0px\">\n<figure class=\"wp-block-image aligncenter size-full is-resized sep-bas\" style=\"margin-bottom:var(--wp--preset--spacing--10)\"><img decoding=\"async\" src=\"https:\/\/www.euronat.com\/wp-content\/uploads\/2025\/12\/trait-1.svg\" alt=\"trait\" class=\"wp-image-337\" style=\"aspect-ratio:0.10949529512403763;object-fit:cover;width:20px;height:auto\"\/><\/figure>\n\n\n\n<h2 class=\"wp-block-heading has-text-align-center has-contrast-2-color has-text-color has-link-color wp-elements-1fcda52d57913ede19305dc6a9a88f8a\" style=\"font-size:clamp(1.743rem, 1.743rem + ((1vw - 0.2rem) * 2.095), 3rem);\">Actividades deportivas y acu\u00e1ticas en las playas naturistas de Gironde<\/h2>\n\n\n\n<figure class=\"wp-block-image aligncenter size-full\"><img decoding=\"async\" width=\"100\" height=\"32\" src=\"https:\/\/www.euronat.com\/wp-content\/uploads\/2025\/12\/separation-cercles-bis.png\" alt=\"separation cercles bis\" class=\"wp-image-367\"\/><\/figure>\n\n\n\n<p class=\"has-text-align-center\">La playa naturista del M\u00e9doc es tambi\u00e9n un <strong>inmenso terreno<\/strong> de juego natural. Podr\u00e9is practicar: <\/p>\n\n\n\n<div class=\"wp-block-group has-global-padding is-layout-constrained wp-container-core-group-is-layout-8dd13e6d wp-block-group-is-layout-constrained\" style=\"padding-right:var(--wp--preset--spacing--60);padding-left:var(--wp--preset--spacing--60)\">\n<ul class=\"wp-block-list\">\n<li><strong>V\u00f3ley playa<\/strong><\/li>\n\n\n\n<li><strong>Surf<\/strong> o <strong>bodyboard*<\/strong><\/li>\n\n\n\n<li>Paseos a caballo por la playa*<\/li>\n\n\n\n<li><strong>Pesca desde la orilla<\/strong>, fuera de las zonas de ba\u00f1o<\/li>\n<\/ul>\n<\/div>\n\n\n\n<div class=\"wp-block-cover is-light\" style=\"border-top-left-radius:40px;border-top-right-radius:40px;border-bottom-left-radius:40px;border-bottom-right-radius:40px;margin-top:var(--wp--preset--spacing--40);min-height:60vh;aspect-ratio:unset;\"><img decoding=\"async\" width=\"1920\" height=\"1077\" class=\"wp-block-cover__image-background wp-image-3013 size-full\" alt=\"surf camping euronat\" src=\"https:\/\/www.euronat.com\/wp-content\/uploads\/2026\/01\/surf-camping-euronat.jpg\" data-object-fit=\"cover\" srcset=\"https:\/\/www.euronat.com\/wp-content\/uploads\/2026\/01\/surf-camping-euronat.jpg 1920w, https:\/\/www.euronat.com\/wp-content\/uploads\/2026\/01\/surf-camping-euronat-300x168.jpg 300w, https:\/\/www.euronat.com\/wp-content\/uploads\/2026\/01\/surf-camping-euronat-1024x574.jpg 1024w, https:\/\/www.euronat.com\/wp-content\/uploads\/2026\/01\/surf-camping-euronat-768x431.jpg 768w, https:\/\/www.euronat.com\/wp-content\/uploads\/2026\/01\/surf-camping-euronat-1536x862.jpg 1536w\" sizes=\"(max-width: 1920px) 100vw, 1920px\" \/><span aria-hidden=\"true\" class=\"wp-block-cover__background has-background-dim-0 has-background-dim\"><\/span><div class=\"wp-block-cover__inner-container has-global-padding is-layout-constrained wp-block-cover-is-layout-constrained\">\n<p class=\"has-text-align-center has-large-font-size\"><\/p>\n<\/div><\/div>\n\n\n\n<p class=\"has-text-align-center\"><\/p>\n\n\n\n<figure class=\"wp-block-image aligncenter size-full is-resized sep-haut\" style=\"margin-top:var(--wp--preset--spacing--10)\"><img decoding=\"async\" src=\"https:\/\/www.euronat.com\/wp-content\/uploads\/2025\/12\/trait-haut.svg\" alt=\"trait haut\" class=\"wp-image-350\" style=\"aspect-ratio:0.10949529512403763;object-fit:cover;width:20px;height:auto\"\/><\/figure>\n<\/section>\n\n<section class=\"wp-block-cover alignfull is-light has-parallax\" style=\"margin-top:0px;margin-bottom:0px;padding-top:0;padding-right:var(--wp--preset--spacing--40);padding-bottom:0;padding-left:var(--wp--preset--spacing--40);min-height:100vh;aspect-ratio:unset;\"><div role=\"img\" aria-label=\"plages euronat\" class=\"wp-block-cover__image-background wp-image-3026 size-full has-parallax\" style=\"background-position:50% 50%;background-image:url(https:\/\/www.euronat.com\/wp-content\/uploads\/2026\/01\/plages-euronat.jpg)\"><\/div><span aria-hidden=\"true\" class=\"wp-block-cover__background has-background-dim-0 has-background-dim\" style=\"background-color:#998a6d\"><\/span><div class=\"wp-block-cover__inner-container has-global-padding is-layout-constrained wp-container-core-cover-is-layout-6f69edf4 wp-block-cover-is-layout-constrained\">\n<div class=\"wp-block-group alignwide has-global-padding is-layout-constrained wp-container-core-group-is-layout-704e782a wp-block-group-is-layout-constrained\">\n<div class=\"wp-block-group has-background has-global-padding is-layout-constrained wp-container-core-group-is-layout-e93e6669 wp-block-group-is-layout-constrained\" style=\"background-color:#174f4de8;padding-right:165px;padding-left:165px\">\n<figure class=\"wp-block-image aligncenter size-full is-resized sep-bas\"><img decoding=\"async\" src=\"https:\/\/www.euronat.com\/wp-content\/uploads\/2025\/12\/trait-1.svg\" alt=\"trait\" class=\"wp-image-337\" style=\"aspect-ratio:0.10949529512403763;object-fit:cover;width:20px;height:auto\"\/><\/figure>\n\n\n\n<h2 class=\"wp-block-heading has-text-align-center has-accent-color has-text-color has-link-color wp-elements-d0680942892777788eaa74cc27386712\" style=\"font-size:clamp(1.743rem, 1.743rem + ((1vw - 0.2rem) * 2.095), 3rem);\">  Informaci\u00f3n pr\u00e1ctica y acceso<\/h2>\n\n\n\n<figure class=\"wp-block-image aligncenter size-full\"><img decoding=\"async\" width=\"100\" height=\"32\" src=\"https:\/\/www.euronat.com\/wp-content\/uploads\/2025\/12\/separation-cercles.png\" alt=\"separaci&#xF3;n c&#xED;rculos\" class=\"wp-image-342\"\/><\/figure>\n\n\n\n<p class=\"has-text-align-center has-base-color has-text-color has-link-color wp-elements-2c84b85e2b300b0e00a0224f696db7ac\">La desnudez es obligatoria en todas las playas de Euronat. <br\/>Horarios de los socorristas:<\/p>\n\n\n\n<p class=\"has-text-align-center has-base-2-color has-text-color has-link-color wp-elements-2b6b901772ac734bffe67589aba8e34e\"><strong>Playa central<\/strong>:<br\/>\u00daltima quincena de junio y primera quincena de septiembre: 12.00 &#8211; 18.30<br\/>Del 1 de julio al 31 de agosto: 11.00 &#8211; 19.00<br\/><br\/><strong>Playa sur<\/strong>:<br\/>Del 1 de julio al 31 de agosto: 11.00 &#8211; 19.00<br\/><br\/><strong>Playa norte<\/strong>: <br\/>Sin vigilancia. Acceso permitido con mascotas.<\/p>\n\n\n\n<p class=\"has-text-align-center has-base-2-color has-text-color has-link-color wp-elements-24e49889c26828649d4c9b28ec5072a9\">Para cualquier informaci\u00f3n adicional sobre las playas naturistas en Gironde, contactad con nuestro equipo de recepci\u00f3n.<\/p>\n\n\n\n<figure class=\"wp-block-image aligncenter size-full is-resized sep-haut\"><img decoding=\"async\" src=\"https:\/\/www.euronat.com\/wp-content\/uploads\/2025\/12\/trait-haut.svg\" alt=\"trait haut\" class=\"wp-image-350\" style=\"aspect-ratio:0.10949529512403763;object-fit:cover;width:20px;height:auto\"\/><\/figure>\n<\/div>\n<\/div>\n<\/div><\/section>\n\n<section class=\"wp-block-group section-cta has-base-2-background-color has-background has-global-padding is-layout-constrained wp-block-group-is-layout-constrained\" style=\"margin-top:0px;margin-bottom:0px;padding-top:0;padding-bottom:0\">\n<figure class=\"wp-block-image aligncenter size-full is-resized sep-bas\" style=\"margin-bottom:var(--wp--preset--spacing--10)\"><img decoding=\"async\" src=\"https:\/\/www.euronat.com\/wp-content\/uploads\/2025\/12\/trait-1.svg\" alt=\"trait\" class=\"wp-image-337\" style=\"aspect-ratio:0.10949529512403763;object-fit:cover;width:20px;height:auto\"\/><\/figure>\n\n\n\n<p class=\"has-text-align-center has-contrast-2-color has-text-color has-link-color has-molentta-font-family wp-elements-6ef80ccfb28eea336fd3c63d6c8e7fbd\" style=\"font-size:clamp(1.743rem, 1.743rem + ((1vw - 0.2rem) * 2.095), 3rem);line-height:1.2\">Descubrid las actividades, as\u00ed como el club infantil y las piscinas<\/p>\n\n\n\n<figure class=\"wp-block-image aligncenter size-full\"><img decoding=\"async\" width=\"100\" height=\"32\" src=\"https:\/\/www.euronat.com\/wp-content\/uploads\/2025\/12\/separation-cercles-bis.png\" alt=\"separation cercles bis\" class=\"wp-image-367\"\/><\/figure>\n\n\n\n<div data-swiper=\"{&quot;speed&quot;:400,&quot;spaceBetween&quot;:16,&quot;slidesPerView&quot;:3,&quot;createElements&quot;:true,&quot;loop&quot;:true,&quot;freemode&quot;:true,&quot;navigation&quot;:{&quot;nextEl&quot;:false,&quot;prevEl&quot;:false},&quot;pagination&quot;:{&quot;el&quot;:&quot;.swiper-pagination&quot;,&quot;dynamicBullets&quot;:false},&quot;breakpoints&quot;:{&quot;0&quot;:{&quot;slidesPerView&quot;:1},&quot;380&quot;:{&quot;slidesPerView&quot;:1},&quot;720&quot;:{&quot;slidesPerView&quot;:2},&quot;1024&quot;:{&quot;slidesPerView&quot;:3}},&quot;autoplay&quot;:true,&quot;delay&quot;:3000}\" data-wp-context=\"{}\" data-wp-interactive=\"core\/query\" data-wp-key=\"0\" data-wp-router-region=\"query-0\" class=\"wp-block-query alignwide gt-fse-maillage-query gt-is-slider gt-is-slider-mobile is-layout-flow wp-block-query-is-layout-flow\"><ul style=\"margin-top:0;margin-bottom:0;\" class=\"columns-3 gt-maillage wp-block-post-template is-layout-grid wp-container-core-post-template-is-layout-150c9f4b wp-block-post-template-is-layout-grid\"><li data-wp-key=\"post-template-item-9300\" class=\"wp-block-post post-9300 page type-page status-publish has-post-thumbnail hentry\">\n\n<figure class=\"wp-block-image has-custom-border gt-maillage__image\"><img decoding=\"async\" src=\"https:\/\/www.euronat.com\/wp-content\/uploads\/2026\/02\/activites-camping-naturiste.jpg\" alt=\"actividades del camping naturista\" style=\"border-style:none;border-width:0px;border-top-left-radius:160px;border-top-right-radius:160px;border-bottom-left-radius:160px;border-bottom-right-radius:160px;aspect-ratio:2\/3;object-fit:cover\"\/><\/figure>\n\n\n\n<div class=\"wp-block-group has-global-padding is-layout-constrained wp-container-core-group-is-layout-3ced0f2d wp-block-group-is-layout-constrained\" style=\"border-style:none;border-width:0px;margin-top:-310px;padding-top:var(--wp--preset--spacing--10);padding-right:var(--wp--preset--spacing--10);padding-bottom:var(--wp--preset--spacing--10);padding-left:var(--wp--preset--spacing--20)\">\n<p class=\"has-text-align-center has-base-color has-text-color has-link-color has-molentta-font-family wp-elements-c3e5bc17bf78ea85076eb6ae2c3c5a77\" style=\"border-style:none;border-width:0px;border-top-left-radius:250px;border-top-right-radius:250px;border-bottom-left-radius:250px;border-bottom-right-radius:250px;padding-top:12px;padding-right:25px;padding-bottom:12px;padding-left:25px;font-size:clamp(19.481px, 1.218rem + ((1vw - 3.2px) * 1.2), 31px);font-style:normal;font-weight:400;line-height:1;text-decoration:none;text-transform:none\">Las actividades<\/p>\n<\/div>\n\n\n<a class=\"is-style-lien-cover wp-block-read-more\" href=\"https:\/\/www.euronat.com\/es\/camping-naturista-francia\/actividades-naturistas-gironde\/\" target=\"_self\">Leer m\u00e1s<span class=\"screen-reader-text\">: Las actividades<\/span><\/a>\n<\/li><li data-wp-key=\"post-template-item-9373\" class=\"wp-block-post post-9373 page type-page status-publish has-post-thumbnail hentry\">\n\n<figure class=\"wp-block-image has-custom-border gt-maillage__image\"><img decoding=\"async\" src=\"https:\/\/www.euronat.com\/wp-content\/uploads\/2025\/12\/enfants-piscine.jpg\" alt=\"piscina infantil\" style=\"border-style:none;border-width:0px;border-top-left-radius:160px;border-top-right-radius:160px;border-bottom-left-radius:160px;border-bottom-right-radius:160px;aspect-ratio:2\/3;object-fit:cover\"\/><\/figure>\n\n\n\n<div class=\"wp-block-group has-global-padding is-layout-constrained wp-container-core-group-is-layout-3ced0f2d wp-block-group-is-layout-constrained\" style=\"border-style:none;border-width:0px;margin-top:-310px;padding-top:var(--wp--preset--spacing--10);padding-right:var(--wp--preset--spacing--10);padding-bottom:var(--wp--preset--spacing--10);padding-left:var(--wp--preset--spacing--20)\">\n<p class=\"has-text-align-center has-base-color has-text-color has-link-color has-molentta-font-family wp-elements-c3e5bc17bf78ea85076eb6ae2c3c5a77\" style=\"border-style:none;border-width:0px;border-top-left-radius:250px;border-top-right-radius:250px;border-bottom-left-radius:250px;border-bottom-right-radius:250px;padding-top:12px;padding-right:25px;padding-bottom:12px;padding-left:25px;font-size:clamp(19.481px, 1.218rem + ((1vw - 3.2px) * 1.2), 31px);font-style:normal;font-weight:400;line-height:1;text-decoration:none;text-transform:none\">Las piscinas<\/p>\n<\/div>\n\n\n<a class=\"is-style-lien-cover wp-block-read-more\" href=\"https:\/\/www.euronat.com\/es\/camping-naturista-francia\/piscinas-naturistas-gironde\/\" target=\"_self\">Leer m\u00e1s<span class=\"screen-reader-text\">: Las piscinas<\/span><\/a>\n<\/li><li data-wp-key=\"post-template-item-9393\" class=\"wp-block-post post-9393 page type-page status-publish has-post-thumbnail hentry\">\n\n<figure class=\"wp-block-image has-custom-border gt-maillage__image\"><img decoding=\"async\" src=\"https:\/\/www.euronat.com\/wp-content\/uploads\/2025\/12\/activites-enfants.jpg\" alt=\"actividades infantiles\" style=\"border-style:none;border-width:0px;border-top-left-radius:160px;border-top-right-radius:160px;border-bottom-left-radius:160px;border-bottom-right-radius:160px;aspect-ratio:2\/3;object-fit:cover\"\/><\/figure>\n\n\n\n<div class=\"wp-block-group has-global-padding is-layout-constrained wp-container-core-group-is-layout-3ced0f2d wp-block-group-is-layout-constrained\" style=\"border-style:none;border-width:0px;margin-top:-310px;padding-top:var(--wp--preset--spacing--10);padding-right:var(--wp--preset--spacing--10);padding-bottom:var(--wp--preset--spacing--10);padding-left:var(--wp--preset--spacing--20)\">\n<p class=\"has-text-align-center has-base-color has-text-color has-link-color has-molentta-font-family wp-elements-c3e5bc17bf78ea85076eb6ae2c3c5a77\" style=\"border-style:none;border-width:0px;border-top-left-radius:250px;border-top-right-radius:250px;border-bottom-left-radius:250px;border-bottom-right-radius:250px;padding-top:12px;padding-right:25px;padding-bottom:12px;padding-left:25px;font-size:clamp(19.481px, 1.218rem + ((1vw - 3.2px) * 1.2), 31px);font-style:normal;font-weight:400;line-height:1;text-decoration:none;text-transform:none\">Para ni\u00f1os<\/p>\n<\/div>\n\n\n<a class=\"is-style-lien-cover wp-block-read-more\" href=\"https:\/\/www.euronat.com\/es\/camping-naturista-francia\/clubes-infantiles-naturistas\/\" target=\"_self\">Leer m\u00e1s<span class=\"screen-reader-text\">: Para ni\u00f1os<\/span><\/a>\n<\/li><\/ul><\/div>\n\n\n\n<figure class=\"wp-block-image aligncenter size-full is-resized sep-haut\" style=\"margin-top:var(--wp--preset--spacing--10)\"><img decoding=\"async\" src=\"https:\/\/www.euronat.com\/wp-content\/uploads\/2025\/12\/trait-haut.svg\" alt=\"trait haut\" class=\"wp-image-350\" style=\"aspect-ratio:0.10949529512403763;object-fit:cover;width:20px;height:auto\"\/><\/figure>\n<\/section>\n","protected":false},"excerpt":{"rendered":"<p>Playas naturistas en el M\u00e9doc accesibles desde el camping \u00a1En pocos minutos desde vuestro alojamiento, ya tendr\u00e9is los pies en el agua! Desde nuestro camping naturista en Gironde, acced\u00e9is directamente a una de las playas naturistas m\u00e1s bellas de Francia. En pleno coraz\u00f3n del pinar, entre dunas y oc\u00e9ano, la playa naturista del M\u00e9doc ofrece [&hellip;]<\/p>\n","protected":false},"author":1,"featured_media":9329,"parent":8064,"menu_order":0,"comment_status":"closed","ping_status":"closed","template":"","meta":{"_seopress_robots_primary_cat":"","_seopress_titles_title":"Playas naturistas en el M\u00e9doc I Playas naturistas en Gironda","_seopress_titles_desc":"La playa naturista de Euronat cuenta con 3 playas, 2 de las cuales est\u00e1n vigiladas desde mediados de junio hasta mediados de septiembre y una de ellas admite mascotas.","_seopress_robots_index":"","_gt_ctv_global_id":"274","_gt_ctv_id_group":false,"inline_featured_image":false,"gt_fse_maillage_image":"https:\/\/www.euronat.com\/wp-content\/uploads\/2026\/02\/plages-naturistes-medoc.jpg","gt_fse_maillage_titre":"Las playas","gt_fse_maillage_alt":"playas naturistas M\u00e9doc","gt_fse_maillage_resume":"","footnotes":""},"categories":[],"tags":[],"class_list":["post-9395","page","type-page","status-publish","has-post-thumbnail","hentry"],"_links":{"self":[{"href":"https:\/\/www.euronat.com\/es\/wp-json\/wp\/v2\/pages\/9395","targetHints":{"allow":["GET"]}}],"collection":[{"href":"https:\/\/www.euronat.com\/es\/wp-json\/wp\/v2\/pages"}],"about":[{"href":"https:\/\/www.euronat.com\/es\/wp-json\/wp\/v2\/types\/page"}],"author":[{"embeddable":true,"href":"https:\/\/www.euronat.com\/es\/wp-json\/wp\/v2\/users\/1"}],"replies":[{"embeddable":true,"href":"https:\/\/www.euronat.com\/es\/wp-json\/wp\/v2\/comments?post=9395"}],"version-history":[{"count":12,"href":"https:\/\/www.euronat.com\/es\/wp-json\/wp\/v2\/pages\/9395\/revisions"}],"predecessor-version":[{"id":13769,"href":"https:\/\/www.euronat.com\/es\/wp-json\/wp\/v2\/pages\/9395\/revisions\/13769"}],"up":[{"embeddable":true,"href":"https:\/\/www.euronat.com\/es\/wp-json\/wp\/v2\/pages\/8064"}],"wp:featuredmedia":[{"embeddable":true,"href":"https:\/\/www.euronat.com\/es\/wp-json\/wp\/v2\/media\/9329"}],"wp:attachment":[{"href":"https:\/\/www.euronat.com\/es\/wp-json\/wp\/v2\/media?parent=9395"}],"wp:term":[{"taxonomy":"category","embeddable":true,"href":"https:\/\/www.euronat.com\/es\/wp-json\/wp\/v2\/categories?post=9395"},{"taxonomy":"post_tag","embeddable":true,"href":"https:\/\/www.euronat.com\/es\/wp-json\/wp\/v2\/tags?post=9395"}],"curies":[{"name":"wp","href":"https:\/\/api.w.org\/{rel}","templated":true}]}}