{"id":9494,"date":"2025-12-18T12:25:58","date_gmt":"2025-12-18T11:25:58","guid":{"rendered":"https:\/\/www.euronat.com\/bon-regalo-talasoterapia-naturista\/"},"modified":"2026-04-17T10:35:47","modified_gmt":"2026-04-17T08:35:47","slug":"bon-regalo-talasoterapia-naturista","status":"publish","type":"page","link":"https:\/\/www.euronat.com\/es\/bon-regalo-talasoterapia-naturista\/","title":{"rendered":"Comprar un bono regalo"},"content":{"rendered":"\n<section class=\"wp-block-group section-1 is-layout-flow wp-block-group-is-layout-flow\" style=\"margin-top:0px;margin-bottom:0px;padding-bottom:0\">\n<div class=\"wp-block-group has-global-padding is-layout-constrained wp-container-core-group-is-layout-8e9d2400 wp-block-group-is-layout-constrained\" style=\"margin-top:0px;margin-bottom:0px\">\n<figure class=\"wp-block-image aligncenter size-full is-resized sep-bas\" style=\"margin-bottom:var(--wp--preset--spacing--10)\"><img decoding=\"async\" src=\"https:\/\/www.euronat.com\/wp-content\/uploads\/2025\/12\/trait-1.svg\" alt=\"trait\" class=\"wp-image-337\" style=\"aspect-ratio:0.10949529512403763;object-fit:cover;width:20px;height:auto\"\/><\/figure>\n\n\n\n<p class=\"has-text-align-center has-accent-color has-text-color has-link-color has-medium-font-size wp-elements-240856d0b993256638b0da334c603a38\" style=\"padding-top:0;text-transform:uppercase\">Comprar bono regalo<\/p>\n\n\n\n<p class=\"has-text-align-center has-contrast-2-color has-text-color has-link-color has-molentta-font-family has-x-large-font-size wp-elements-1b5b87f449a72364957d471013aeb9da\" style=\"line-height:.8\">Regalad un momento de bienestar natural<\/p>\n\n\n\n<div class=\"wp-block-columns are-vertically-aligned-center is-layout-flex wp-container-core-columns-is-layout-ed028fa6 wp-block-columns-is-layout-flex\" style=\"padding-top:var(--wp--preset--spacing--20);padding-bottom:var(--wp--preset--spacing--20)\">\n<div class=\"wp-block-column is-vertically-aligned-center animated fadeIn slow is-layout-flow wp-block-column-is-layout-flow\" style=\"flex-basis:40%\">\n<figure class=\"wp-block-image size-full has-custom-border\"><img decoding=\"async\" width=\"1000\" height=\"1503\" src=\"https:\/\/www.euronat.com\/wp-content\/uploads\/2026\/01\/bon-cadeau-thalasso-naturiste.jpg\" alt=\"bono regalo talaso naturista\" class=\"wp-image-8477\" style=\"border-top-left-radius:200px;border-top-right-radius:200px;border-bottom-left-radius:200px;border-bottom-right-radius:200px\" srcset=\"https:\/\/www.euronat.com\/wp-content\/uploads\/2026\/01\/bon-cadeau-thalasso-naturiste.jpg 1000w, https:\/\/www.euronat.com\/wp-content\/uploads\/2026\/01\/bon-cadeau-thalasso-naturiste-200x300.jpg 200w, https:\/\/www.euronat.com\/wp-content\/uploads\/2026\/01\/bon-cadeau-thalasso-naturiste-681x1024.jpg 681w, https:\/\/www.euronat.com\/wp-content\/uploads\/2026\/01\/bon-cadeau-thalasso-naturiste-768x1154.jpg 768w\" sizes=\"(max-width: 1000px) 100vw, 1000px\" \/><\/figure>\n<\/div>\n\n\n\n<div class=\"wp-block-column is-vertically-aligned-center is-layout-flow wp-block-column-is-layout-flow\" style=\"flex-basis:60%\">\n<h1 class=\"wp-block-heading\">Regalad un bono de talasoterapia naturista<\/h1>\n\n\n\n<p>Regalad a vuestros seres queridos un <strong>momento de pura relajaci\u00f3n<\/strong> en el coraz\u00f3n de la naturaleza. Regalar un bono regalo de talasoterapia naturista en Gironde es ofrecer una <strong>pausa de bienestar en un entorno excepcional<\/strong>: Euronat, el mayor camping naturista de Europa. <\/p>\n\n\n\n<p>Con motivo de un cumplea\u00f1os, una jubilaci\u00f3n, una festividad o simplemente para dar las gracias, este <strong>obsequio original<\/strong>, <strong>refinado<\/strong> y <strong>personalizable<\/strong> abre las puertas al universo \u00fanico del spa y la <a href=\"https:\/\/www.euronat.com\/es\/talasoterapia-spa-naturista\/\" data-type=\"page\" data-id=\"694\">talasoterapia de Euronat.<\/a> Quien lo reciba tendr\u00e1 acceso a masajes de bienestar, tratamientos de bellaza, curas de puesta en forma, rituales de relajaci\u00f3n o acceso al espacio de bienestar marino, dotado de una piscina de agua de mar climatizada. <\/p>\n\n\n\n<div class=\"wp-block-buttons btn-vert btn-thalasso animated fadeIn slow gt-show-mobile is-content-justification-left is-layout-flex wp-container-core-buttons-is-layout-ad415a7e wp-block-buttons-is-layout-flex\" style=\"padding-top:0\">\n<div class=\"wp-block-button\"><a class=\"wp-block-button__link wp-element-button\" href=\"https:\/\/rbe-euronat.aquao.fr\/thalasso-euronat\/gift-cheque\" style=\"border-top-left-radius:100px;border-top-right-radius:100px;border-bottom-left-radius:100px;border-bottom-right-radius:100px;padding-top:14px;padding-right:32px;padding-bottom:14px;padding-left:32px;text-transform:uppercase\" target=\"_blank\" rel=\"noreferrer noopener\">Comprar un bono regalo<\/a><\/div>\n<\/div>\n<\/div>\n<\/div>\n<\/div>\n\n\n\n<figure class=\"wp-block-image aligncenter size-full is-resized sep-haut\" style=\"margin-top:var(--wp--preset--spacing--10)\"><img decoding=\"async\" src=\"https:\/\/www.euronat.com\/wp-content\/uploads\/2025\/12\/trait-haut.svg\" alt=\"trait haut\" class=\"wp-image-350\" style=\"aspect-ratio:0.10949529512403763;object-fit:cover;width:20px;height:auto\"\/><\/figure>\n<\/section>\n\n<section class=\"wp-block-group section-village section-village-bis has-background is-layout-flow wp-block-group-is-layout-flow\" style=\"background-color:#af9d8533;margin-top:0px\">\n<figure class=\"wp-block-image aligncenter size-full is-resized sep-bas\" style=\"margin-bottom:var(--wp--preset--spacing--10)\"><img decoding=\"async\" src=\"https:\/\/www.euronat.com\/wp-content\/uploads\/2025\/12\/trait-1.svg\" alt=\"trait\" class=\"wp-image-337\" style=\"aspect-ratio:0.10949529512403763;object-fit:cover;width:20px;height:auto\"\/><\/figure>\n\n\n\n<div class=\"wp-block-columns alignfull are-vertically-aligned-center gt-reverse-mobile is-layout-flex wp-container-core-columns-is-layout-e428e011 wp-block-columns-is-layout-flex\" style=\"border-radius:0px;margin-top:0px;margin-right:0px;margin-bottom:0px;margin-left:0px;padding-top:0px;padding-right:155px;padding-bottom:0px;padding-left:155px\">\n<div class=\"wp-block-column is-vertically-aligned-center is-layout-flow wp-block-column-is-layout-flow\" style=\"flex-basis:55%\">\n<figure class=\"wp-block-image aligncenter size-full mask-shape\" style=\"margin-top:0px;margin-right:0px;margin-bottom:0px;margin-left:0px\"><img decoding=\"async\" width=\"992\" height=\"997\" src=\"https:\/\/www.euronat.com\/wp-content\/uploads\/2025\/12\/thalasso-euronat-massage.jpg\" alt=\"zona de bienestar naturista\" class=\"wp-image-819\" srcset=\"https:\/\/www.euronat.com\/wp-content\/uploads\/2025\/12\/thalasso-euronat-massage.jpg 992w, https:\/\/www.euronat.com\/wp-content\/uploads\/2025\/12\/thalasso-euronat-massage-298x300.jpg 298w, https:\/\/www.euronat.com\/wp-content\/uploads\/2025\/12\/thalasso-euronat-massage-150x150.jpg 150w, https:\/\/www.euronat.com\/wp-content\/uploads\/2025\/12\/thalasso-euronat-massage-768x772.jpg 768w\" sizes=\"(max-width: 992px) 100vw, 992px\" \/><\/figure>\n<\/div>\n\n\n\n<div class=\"wp-block-column is-vertically-aligned-center is-layout-flow wp-block-column-is-layout-flow\" style=\"flex-basis:45%\">\n<div class=\"wp-block-group full-width is-vertical is-content-justification-left is-nowrap is-layout-flex wp-container-core-group-is-layout-3bad0007 wp-block-group-is-layout-flex\" style=\"border-radius:0px;margin-top:0px;margin-right:0px;margin-bottom:0px;margin-left:0px;padding-top:0px;padding-right:0px;padding-bottom:0px;padding-left:0px\">\n<h2 class=\"wp-block-heading has-text-align-left has-contrast-2-color has-text-color has-link-color wp-elements-c655778072f1ba1ef64c92c18a8f914d\" style=\"font-size:clamp(1.743rem, 1.743rem + ((1vw - 0.2rem) * 2.095), 3rem);text-transform:uppercase\">Uso del bono regalo<\/h2>\n\n\n\n<figure class=\"wp-block-image size-full\"><img decoding=\"async\" width=\"100\" height=\"32\" src=\"https:\/\/www.euronat.com\/wp-content\/uploads\/2025\/12\/separation-cercles-bise.png\" alt=\"separation cercles bise\" class=\"wp-image-478\"\/><\/figure>\n\n\n\n<p class=\"has-text-align-left\">La compra del bono regalo es <strong>sencilla<\/strong> y <strong>r\u00e1pida<\/strong>. Basta con elegir el importe que <strong>prefir\u00e1is<\/strong>, lo que permitir\u00e1 al destinatario seleccionar el tratamiento que m\u00e1s le apetezca. El bono es v\u00e1lido durante 12 meses a partir de su fecha de emisi\u00f3n y puede utilizarse en una o varias veces.  <\/p>\n\n\n\n<p class=\"has-text-align-left\">El destinatario puede contactar directamente con nuestro equipo en el <a href=\"tel:0556732450\">+33 5 56 73 24 50<\/a> para <strong>reservar su sesi\u00f3n<\/strong> u <strong>organizar su estancia<\/strong>. Tambi\u00e9n es posible combinar el bono regalo con un alojamiento en el <a href=\"https:\/\/www.euronat.com\/es\/\" data-type=\"page\" data-id=\"5\">camping naturista en el M\u00e9doc<\/a> para disfrutar de una experiencia completa de <strong>confort<\/strong>, <strong>naturaleza<\/strong> y <strong>serenidad<\/strong>. <\/p>\n<\/div>\n<\/div>\n<\/div>\n\n\n\n<figure class=\"wp-block-image aligncenter size-full is-resized sep-haut\" style=\"margin-top:var(--wp--preset--spacing--10)\"><img decoding=\"async\" src=\"https:\/\/www.euronat.com\/wp-content\/uploads\/2025\/12\/trait-haut.svg\" alt=\"trait haut\" class=\"wp-image-350\" style=\"aspect-ratio:0.10949529512403763;object-fit:cover;width:20px;height:auto\"\/><\/figure>\n<\/section>\n\n<section class=\"wp-block-group alignfull section-village has-base-background-color has-background has-global-padding is-layout-constrained wp-container-core-group-is-layout-c4f6a068 wp-block-group-is-layout-constrained\" style=\"margin-top:0px\">\n<figure class=\"wp-block-image aligncenter size-full is-resized sep-bas\" style=\"margin-bottom:var(--wp--preset--spacing--10)\"><img decoding=\"async\" src=\"https:\/\/www.euronat.com\/wp-content\/uploads\/2025\/12\/trait-1.svg\" alt=\"trait\" class=\"wp-image-337\" style=\"aspect-ratio:0.10949529512403763;object-fit:cover;width:20px;height:auto\"\/><\/figure>\n\n\n\n<h2 class=\"wp-block-heading has-text-align-center has-contrast-2-color has-text-color has-link-color wp-elements-aa5970eb44ac1da2d99939eb21f12317\" style=\"font-size:clamp(1.743rem, 1.743rem + ((1vw - 0.2rem) * 2.095), 3rem);text-transform:uppercase\">Elegid un tratamiento, una cura, un ritual o un importe<\/h2>\n\n\n\n<figure class=\"wp-block-image aligncenter size-full\"><img decoding=\"async\" width=\"100\" height=\"32\" src=\"https:\/\/www.euronat.com\/wp-content\/uploads\/2025\/12\/separation-cercles-bis.png\" alt=\"separation cercles bis\" class=\"wp-image-367\"\/><\/figure>\n\n\n\n<p class=\"has-text-align-center\">Entre los servicios disponibles con un bono regalo: <br\/>&#8211; Una cura de talasoterapia <strong>Forma y Relajaci\u00f3n<\/strong>, de varios d\u00edas.<br\/>&#8211; Un <strong>Ritual Spa<\/strong>, que combina tratamientos faciales y masajes de todo el mundo<br\/>&#8211; Un <strong>masaje<\/strong>, realizado seg\u00fan los valores Euronat<br\/>&#8211; Un <strong>tratamiento espec\u00edfico adelgazante<\/strong> o <strong>antiedad <\/strong><br\/>&#8211; Acceso a la <strong>piscina de agua de mar<\/strong> y a la<strong>zona de relajaci\u00f3n<\/strong><\/p>\n\n\n\n<p class=\"has-text-align-center\">Pod\u00e9is elegir enviar el <strong>bono regalo por correo postal<\/strong> o por <strong>correo electr\u00f3nico<\/strong>. Tambi\u00e9n es posible <strong>recogerlo directamente en el centro<\/strong>.<br\/>Haced descubrir la magia de una talasoterapia naturista en el M\u00e9doc a quienes quer\u00e9is, regal\u00e1ndoles un <strong>momento de dulzura<\/strong> y <strong>bienestar<\/strong> que no olvidar\u00e1n. <\/p>\n\n\n\n<figure class=\"wp-block-image aligncenter size-full is-resized sep-haut\" style=\"margin-top:var(--wp--preset--spacing--10)\"><img decoding=\"async\" src=\"https:\/\/www.euronat.com\/wp-content\/uploads\/2025\/12\/trait-haut.svg\" alt=\"trait haut\" class=\"wp-image-350\" style=\"aspect-ratio:0.10949529512403763;object-fit:cover;width:20px;height:auto\"\/><\/figure>\n<\/section>\n\n<div class=\"wp-block-cover alignfull is-light has-parallax\" style=\"margin-top:0px;padding-top:140px;padding-bottom:200px;min-height:90vh;aspect-ratio:unset;\"><div role=\"img\" aria-label=\"avis thalasso euronat\" class=\"wp-block-cover__image-background wp-image-1049 size-full has-parallax\" style=\"background-position:50% 50%;background-image:url(https:\/\/www.euronat.com\/wp-content\/uploads\/2025\/12\/banner-avis-euronat.jpg)\"><\/div><span aria-hidden=\"true\" class=\"wp-block-cover__background has-base-background-color has-background-dim-10 has-background-dim\"><\/span><div class=\"wp-block-cover__inner-container has-global-padding is-layout-constrained wp-block-cover-is-layout-constrained\">\n<div class=\"wp-block-group alignwide is-layout-flow wp-block-group-is-layout-flow\" style=\"margin-top:var(--wp--preset--spacing--30);margin-bottom:0px;padding-right:0px;padding-left:0px\">\n<p class=\"has-text-align-center has-contrast-2-color has-text-color has-link-color has-molentta-font-family wp-elements-b097abddf497e72cec4c2d26ce026180\" style=\"padding-bottom:var(--wp--preset--spacing--20);font-size:clamp(35.2px, 2.2rem + ((1vw - 3.2px) * 3), 64px);line-height:.8\">Porque el bienestar <br>se vive y se comparte<\/p>\n\n\n\n<script defer async src='https:\/\/cdn.trustindex.io\/loader.js?2d330b564f80028c5b068a70d1e'><\/script>\n<\/div>\n\n\n\n<div class=\"wp-block-buttons btn-vert btn-thalasso animated fadeIn slow is-content-justification-center is-layout-flex wp-container-core-buttons-is-layout-1399cabf wp-block-buttons-is-layout-flex\" style=\"padding-top:var(--wp--preset--spacing--20)\">\n<div class=\"wp-block-button\"><a class=\"wp-block-button__link wp-element-button\" href=\"https:\/\/www.google.com\/maps\/place\/Thalassoth%C3%A9rapie+Euronat\/@45.4177967,-1.1430389,17z\/data=!4m8!3m7!1s0x48018f177ccf4255:0xdb72043db2bb846b!8m2!3d45.417793!4d-1.140464!9m1!1b1!16s%2Fg%2F11cn68n5mk?entry=ttu&amp;g_ep=EgoyMDI1MTIwOS4wIKXMDSoKLDEwMDc5MjA2OUgBUAM%3D\" style=\"border-top-left-radius:100px;border-top-right-radius:100px;border-bottom-left-radius:100px;border-bottom-right-radius:100px;padding-top:14px;padding-right:32px;padding-bottom:14px;padding-left:32px;text-transform:uppercase\" target=\"_blank\" rel=\"noreferrer noopener nofollow\">todas las opiniones de los clientes<\/a><\/div>\n<\/div>\n<\/div><\/div>\n","protected":false},"excerpt":{"rendered":"<p>Comprar bono regalo Regalad un momento de bienestar natural Regalad un bono de talasoterapia naturista Regalad a vuestros seres queridos un momento de pura relajaci\u00f3n en el coraz\u00f3n de la naturaleza. Regalar un bono regalo de talasoterapia naturista en Gironde es ofrecer una pausa de bienestar en un entorno excepcional: Euronat, el mayor camping naturista [&hellip;]<\/p>\n","protected":false},"author":1,"featured_media":9458,"parent":0,"menu_order":0,"comment_status":"closed","ping_status":"closed","template":"","meta":{"_seopress_robots_primary_cat":"","_seopress_titles_title":"Bono regalo talaso naturista en Gironda, M\u00e9doc","_seopress_titles_desc":"Regala momentos especiales con un bono regalo Thalasso. Elige un tratamiento, o una cantidad, para un momento excepcional... ","_seopress_robots_index":"","_gt_ctv_global_id":"274","_gt_ctv_id_group":false,"inline_featured_image":false,"gt_fse_maillage_image":"https:\/\/www.euronat.com\/wp-content\/uploads\/2026\/01\/bon-cadeau-thalasso.jpg","gt_fse_maillage_titre":"Comprar un bono regalo","gt_fse_maillage_alt":"bono regalo talaso","gt_fse_maillage_resume":"","footnotes":""},"categories":[],"tags":[],"class_list":["post-9494","page","type-page","status-publish","has-post-thumbnail","hentry"],"_links":{"self":[{"href":"https:\/\/www.euronat.com\/es\/wp-json\/wp\/v2\/pages\/9494","targetHints":{"allow":["GET"]}}],"collection":[{"href":"https:\/\/www.euronat.com\/es\/wp-json\/wp\/v2\/pages"}],"about":[{"href":"https:\/\/www.euronat.com\/es\/wp-json\/wp\/v2\/types\/page"}],"author":[{"embeddable":true,"href":"https:\/\/www.euronat.com\/es\/wp-json\/wp\/v2\/users\/1"}],"replies":[{"embeddable":true,"href":"https:\/\/www.euronat.com\/es\/wp-json\/wp\/v2\/comments?post=9494"}],"version-history":[{"count":14,"href":"https:\/\/www.euronat.com\/es\/wp-json\/wp\/v2\/pages\/9494\/revisions"}],"predecessor-version":[{"id":19800,"href":"https:\/\/www.euronat.com\/es\/wp-json\/wp\/v2\/pages\/9494\/revisions\/19800"}],"wp:featuredmedia":[{"embeddable":true,"href":"https:\/\/www.euronat.com\/es\/wp-json\/wp\/v2\/media\/9458"}],"wp:attachment":[{"href":"https:\/\/www.euronat.com\/es\/wp-json\/wp\/v2\/media?parent=9494"}],"wp:term":[{"taxonomy":"category","embeddable":true,"href":"https:\/\/www.euronat.com\/es\/wp-json\/wp\/v2\/categories?post=9494"},{"taxonomy":"post_tag","embeddable":true,"href":"https:\/\/www.euronat.com\/es\/wp-json\/wp\/v2\/tags?post=9494"}],"curies":[{"name":"wp","href":"https:\/\/api.w.org\/{rel}","templated":true}]}}